{"id":1013,"date":"2026-02-14T20:46:11","date_gmt":"2026-02-14T20:46:11","guid":{"rendered":"https:\/\/chantier.clairdelunetheatre.be\/?page_id=1013"},"modified":"2026-02-21T00:57:02","modified_gmt":"2026-02-21T00:57:02","slug":"ateliers","status":"publish","type":"page","link":"https:\/\/clairdelunetheatre.be\/index.php\/ateliers\/","title":{"rendered":"Workshops"},"content":{"rendered":"\t\t<div data-elementor-type=\"wp-page\" data-elementor-id=\"1013\" class=\"elementor elementor-1013\">\n\t\t\t\t<div class=\"elementor-element elementor-element-c32ba8c e-flex e-con-boxed e-con e-parent\" data-id=\"c32ba8c\" data-element_type=\"container\" data-e-type=\"container\">\n\t\t\t\t\t<div class=\"e-con-inner\">\n\t\t<div class=\"elementor-element elementor-element-ecd3972 e-con-full e-flex e-con e-child\" data-id=\"ecd3972\" data-element_type=\"container\" data-e-type=\"container\">\n\t\t\t\t<div class=\"elementor-element elementor-element-8912329 elementor-widget elementor-widget-image\" data-id=\"8912329\" data-element_type=\"widget\" data-e-type=\"widget\" data-widget_type=\"image.default\">\n\t\t\t\t\t\t\t\t\t\t\t\t\t\t\t<img fetchpriority=\"high\" decoding=\"async\" width=\"473\" height=\"593\" src=\"https:\/\/clairdelunetheatre.be\/wp-content\/uploads\/2026\/02\/workshop_decoupe_theatre_ombres_04.jpg\" class=\"attachment-large size-large wp-image-1356\" alt=\"\" srcset=\"https:\/\/clairdelunetheatre.be\/wp-content\/uploads\/2026\/02\/workshop_decoupe_theatre_ombres_04.jpg 473w, https:\/\/clairdelunetheatre.be\/wp-content\/uploads\/2026\/02\/workshop_decoupe_theatre_ombres_04-239x300.jpg 239w\" sizes=\"(max-width: 473px) 100vw, 473px\" \/>\t\t\t\t\t\t\t\t\t\t\t\t\t\t\t<\/div>\n\t\t\t\t<\/div>\n\t\t<div class=\"elementor-element elementor-element-4b647fa e-con-full e-flex e-con e-child\" data-id=\"4b647fa\" data-element_type=\"container\" data-e-type=\"container\">\n\t\t\t\t<div class=\"elementor-element elementor-element-228281b elementor-widget elementor-widget-heading\" data-id=\"228281b\" data-element_type=\"widget\" data-e-type=\"widget\" data-widget_type=\"heading.default\">\n\t\t\t\t\t<h2 class=\"elementor-heading-title elementor-size-default\">Workshop de silhouettes d\u00e9coup\u00e9es<\/h2>\t\t\t\t<\/div>\n\t\t\t\t<div class=\"elementor-element elementor-element-63726e6 elementor-widget elementor-widget-text-editor\" data-id=\"63726e6\" data-element_type=\"widget\" data-e-type=\"widget\" data-widget_type=\"text-editor.default\">\n\t\t\t\t\t\t\t\t\t<p><strong>Qu&#8217;est ce que c&#8217;est?<\/strong><\/p><p>\u00a0<\/p><p>Un atelier cr\u00e9atif lors duquel les participants d\u00e9couvrent l\u2019art du papier d\u00e9coup\u00e9 en cr\u00e9ant des portraits et silhouettes comiques, et inattendus.<\/p><p>\u00a0<\/p><p><strong>D\u00e9roul\u00e9<\/strong><\/p><ol><li>Esquisser son personnage sur une tablette effa\u00e7able, \u00e0 l\u2019aide d\u2019un stylet et de sa gomme, pour exp\u00e9rimenter le trac\u00e9.<\/li><li>D\u00e9couper directement la silhouette dans une feuille de papier noir.<\/li><li>Placer la silhouette d\u00e9coup\u00e9e dans un petit cadre pr\u00e9vu dans la bo\u00eete.<\/li><li>Glisser le tout dans une farde en plastique pour emporter son \u0153uvre prot\u00e9g\u00e9e.<\/li><\/ol><p>Chaque personne dispose d\u2019une bo\u00eete individuelle contenant tout le mat\u00e9riel n\u00e9cessaire pour inventer son personnage. En fin d\u2019atelier, chaque participant repart avec son \u0153uvre encadr\u00e9e dans une farde en plastique, un souvenir original et unique de ce moment cr\u00e9atif.<\/p><p>\u00a0<\/p><p><strong>Contenu d&#8217;une bo\u00eete individuelle<\/strong><\/p><ul><li>1 cadre pour pr\u00e9senter la silhouette d\u00e9coup\u00e9e<\/li><li>1 paire de ciseaux adapt\u00e9e \u00e0 l\u2019\u00e2ge (s\u00e9curis\u00e9e pour les plus petits afin d\u2019\u00e9viter tout risque de blessure)<\/li><li>1 feuille de papier noir pour la d\u00e9coupe<\/li><li>1 tablette effa\u00e7able<\/li><li>1 stylet effa\u00e7able + gomme<\/li><\/ul><p><strong>Informations pratiques<\/strong><\/p><p><strong>Jauge :<\/strong> 10 participants en simultan\u00e9<\/p><p><strong>Dur\u00e9e :<\/strong> sessions de 3h maximum\u00a0<\/p><p><strong>Public :<\/strong> familial, \u00e0 partir de 5 ans<\/p>\t\t\t\t\t\t\t\t<\/div>\n\t\t\t\t<\/div>\n\t\t\t\t\t<\/div>\n\t\t\t\t<\/div>\n\t\t<div class=\"elementor-element elementor-element-3103a8e e-flex e-con-boxed e-con e-parent\" data-id=\"3103a8e\" data-element_type=\"container\" data-e-type=\"container\">\n\t\t\t\t\t<div class=\"e-con-inner\">\n\t\t<div class=\"elementor-element elementor-element-e869262 e-con-full e-flex e-con e-child\" data-id=\"e869262\" data-element_type=\"container\" data-e-type=\"container\">\n\t\t\t\t<div class=\"elementor-element elementor-element-635fb2c elementor-widget elementor-widget-image\" data-id=\"635fb2c\" data-element_type=\"widget\" data-e-type=\"widget\" data-widget_type=\"image.default\">\n\t\t\t\t\t\t\t\t\t\t\t\t\t\t\t<img decoding=\"async\" width=\"843\" height=\"632\" src=\"https:\/\/clairdelunetheatre.be\/wp-content\/uploads\/2026\/02\/workshop_decoupe_theatre_ombres_02.jpg\" class=\"attachment-large size-large wp-image-1278\" alt=\"\" srcset=\"https:\/\/clairdelunetheatre.be\/wp-content\/uploads\/2026\/02\/workshop_decoupe_theatre_ombres_02.jpg 843w, https:\/\/clairdelunetheatre.be\/wp-content\/uploads\/2026\/02\/workshop_decoupe_theatre_ombres_02-300x225.jpg 300w, https:\/\/clairdelunetheatre.be\/wp-content\/uploads\/2026\/02\/workshop_decoupe_theatre_ombres_02-768x576.jpg 768w\" sizes=\"(max-width: 843px) 100vw, 843px\" \/>\t\t\t\t\t\t\t\t\t\t\t\t\t\t\t<\/div>\n\t\t\t\t<\/div>\n\t\t<div class=\"elementor-element elementor-element-f7fbfd7 e-con-full e-flex e-con e-child\" data-id=\"f7fbfd7\" data-element_type=\"container\" data-e-type=\"container\">\n\t\t\t\t<div class=\"elementor-element elementor-element-2a3a400 elementor-widget elementor-widget-image\" data-id=\"2a3a400\" data-element_type=\"widget\" data-e-type=\"widget\" data-widget_type=\"image.default\">\n\t\t\t\t\t\t\t\t\t\t\t\t\t\t\t<img decoding=\"async\" width=\"866\" height=\"650\" src=\"https:\/\/clairdelunetheatre.be\/wp-content\/uploads\/2026\/02\/workshop_decoupe_theatre_ombres_01.png\" class=\"attachment-large size-large wp-image-1277\" alt=\"\" srcset=\"https:\/\/clairdelunetheatre.be\/wp-content\/uploads\/2026\/02\/workshop_decoupe_theatre_ombres_01.png 866w, https:\/\/clairdelunetheatre.be\/wp-content\/uploads\/2026\/02\/workshop_decoupe_theatre_ombres_01-300x225.png 300w, https:\/\/clairdelunetheatre.be\/wp-content\/uploads\/2026\/02\/workshop_decoupe_theatre_ombres_01-768x576.png 768w\" sizes=\"(max-width: 866px) 100vw, 866px\" \/>\t\t\t\t\t\t\t\t\t\t\t\t\t\t\t<\/div>\n\t\t\t\t<\/div>\n\t\t<div class=\"elementor-element elementor-element-d9914c8 e-con-full e-flex e-con e-child\" data-id=\"d9914c8\" data-element_type=\"container\" data-e-type=\"container\">\n\t\t\t\t<div class=\"elementor-element elementor-element-a0c1e19 elementor-widget elementor-widget-image\" data-id=\"a0c1e19\" data-element_type=\"widget\" data-e-type=\"widget\" data-widget_type=\"image.default\">\n\t\t\t\t\t\t\t\t\t\t\t\t\t\t\t<img loading=\"lazy\" decoding=\"async\" width=\"873\" height=\"655\" src=\"https:\/\/clairdelunetheatre.be\/wp-content\/uploads\/2026\/02\/workshop_decoupe_theatre_ombres_03.jpg\" class=\"attachment-large size-large wp-image-1279\" alt=\"\" srcset=\"https:\/\/clairdelunetheatre.be\/wp-content\/uploads\/2026\/02\/workshop_decoupe_theatre_ombres_03.jpg 873w, https:\/\/clairdelunetheatre.be\/wp-content\/uploads\/2026\/02\/workshop_decoupe_theatre_ombres_03-300x225.jpg 300w, https:\/\/clairdelunetheatre.be\/wp-content\/uploads\/2026\/02\/workshop_decoupe_theatre_ombres_03-768x576.jpg 768w\" sizes=\"(max-width: 873px) 100vw, 873px\" \/>\t\t\t\t\t\t\t\t\t\t\t\t\t\t\t<\/div>\n\t\t\t\t<\/div>\n\t\t<div class=\"elementor-element elementor-element-4a61e5d e-con-full e-flex e-con e-child\" data-id=\"4a61e5d\" data-element_type=\"container\" data-e-type=\"container\">\n\t\t\t\t<\/div>\n\t\t<div class=\"elementor-element elementor-element-6b2641f e-con-full e-flex e-con e-child\" data-id=\"6b2641f\" data-element_type=\"container\" data-e-type=\"container\">\n\t\t\t\t<\/div>\n\t\t\t\t\t<\/div>\n\t\t\t\t<\/div>\n\t\t<div class=\"elementor-element elementor-element-a78632c e-flex e-con-boxed e-con e-parent\" data-id=\"a78632c\" data-element_type=\"container\" data-e-type=\"container\">\n\t\t\t\t\t<div class=\"e-con-inner\">\n\t\t\t\t\t<\/div>\n\t\t\t\t<\/div>\n\t\t\t\t<\/div>\n\t\t","protected":false},"excerpt":{"rendered":"<p>Workshop de silhouettes d\u00e9coup\u00e9es Qu&#8217;est ce que c&#8217;est? \u00a0 Un atelier cr\u00e9atif lors duquel les participants d\u00e9couvrent l\u2019art du papier [&hellip;]<\/p>\n","protected":false},"author":1,"featured_media":0,"parent":0,"menu_order":0,"comment_status":"closed","ping_status":"closed","template":"","meta":{"site-sidebar-layout":"no-sidebar","site-content-layout":"","ast-site-content-layout":"full-width-container","site-content-style":"default","site-sidebar-style":"default","ast-global-header-display":"","ast-banner-title-visibility":"","ast-main-header-display":"","ast-hfb-above-header-display":"","ast-hfb-below-header-display":"","ast-hfb-mobile-header-display":"","site-post-title":"disabled","ast-breadcrumbs-content":"","ast-featured-img":"disabled","footer-sml-layout":"","ast-disable-related-posts":"","theme-transparent-header-meta":"","adv-header-id-meta":"","stick-header-meta":"","header-above-stick-meta":"","header-main-stick-meta":"","header-below-stick-meta":"","astra-migrate-meta-layouts":"default","ast-page-background-enabled":"default","ast-page-background-meta":{"desktop":{"background-color":"var(--ast-global-color-5)","background-image":"","background-repeat":"repeat","background-position":"center center","background-size":"auto","background-attachment":"scroll","background-type":"","background-media":"","overlay-type":"","overlay-color":"","overlay-opacity":"","overlay-gradient":""},"tablet":{"background-color":"","background-image":"","background-repeat":"repeat","background-position":"center center","background-size":"auto","background-attachment":"scroll","background-type":"","background-media":"","overlay-type":"","overlay-color":"","overlay-opacity":"","overlay-gradient":""},"mobile":{"background-color":"","background-image":"","background-repeat":"repeat","background-position":"center center","background-size":"auto","background-attachment":"scroll","background-type":"","background-media":"","overlay-type":"","overlay-color":"","overlay-opacity":"","overlay-gradient":""}},"ast-content-background-meta":{"desktop":{"background-color":"var(--ast-global-color-4)","background-image":"","background-repeat":"repeat","background-position":"center center","background-size":"auto","background-attachment":"scroll","background-type":"","background-media":"","overlay-type":"","overlay-color":"","overlay-opacity":"","overlay-gradient":""},"tablet":{"background-color":"var(--ast-global-color-4)","background-image":"","background-repeat":"repeat","background-position":"center center","background-size":"auto","background-attachment":"scroll","background-type":"","background-media":"","overlay-type":"","overlay-color":"","overlay-opacity":"","overlay-gradient":""},"mobile":{"background-color":"var(--ast-global-color-4)","background-image":"","background-repeat":"repeat","background-position":"center center","background-size":"auto","background-attachment":"scroll","background-type":"","background-media":"","overlay-type":"","overlay-color":"","overlay-opacity":"","overlay-gradient":""}},"footnotes":""},"class_list":["post-1013","page","type-page","status-publish","hentry"],"_links":{"self":[{"href":"https:\/\/clairdelunetheatre.be\/index.php\/wp-json\/wp\/v2\/pages\/1013","targetHints":{"allow":["GET"]}}],"collection":[{"href":"https:\/\/clairdelunetheatre.be\/index.php\/wp-json\/wp\/v2\/pages"}],"about":[{"href":"https:\/\/clairdelunetheatre.be\/index.php\/wp-json\/wp\/v2\/types\/page"}],"author":[{"embeddable":true,"href":"https:\/\/clairdelunetheatre.be\/index.php\/wp-json\/wp\/v2\/users\/1"}],"replies":[{"embeddable":true,"href":"https:\/\/clairdelunetheatre.be\/index.php\/wp-json\/wp\/v2\/comments?post=1013"}],"version-history":[{"count":51,"href":"https:\/\/clairdelunetheatre.be\/index.php\/wp-json\/wp\/v2\/pages\/1013\/revisions"}],"predecessor-version":[{"id":1771,"href":"https:\/\/clairdelunetheatre.be\/index.php\/wp-json\/wp\/v2\/pages\/1013\/revisions\/1771"}],"wp:attachment":[{"href":"https:\/\/clairdelunetheatre.be\/index.php\/wp-json\/wp\/v2\/media?parent=1013"}],"curies":[{"name":"wp","href":"https:\/\/api.w.org\/{rel}","templated":true}]}}