{"id":1794,"date":"2026-02-21T13:42:12","date_gmt":"2026-02-21T13:42:12","guid":{"rendered":"https:\/\/clairdelunetheatre.be\/?page_id=1794"},"modified":"2026-02-22T20:23:32","modified_gmt":"2026-02-22T20:23:32","slug":"presse","status":"publish","type":"page","link":"https:\/\/clairdelunetheatre.be\/index.php\/presse\/","title":{"rendered":"Presse"},"content":{"rendered":"\t\t<div data-elementor-type=\"wp-page\" data-elementor-id=\"1794\" class=\"elementor elementor-1794\">\n\t\t\t\t<div class=\"elementor-element elementor-element-3bf7bdd e-flex e-con-boxed e-con e-parent\" data-id=\"3bf7bdd\" data-element_type=\"container\" data-e-type=\"container\">\n\t\t\t\t\t<div class=\"e-con-inner\">\n\t\t<div class=\"elementor-element elementor-element-2b3fd9f e-con-full e-flex e-con e-child\" data-id=\"2b3fd9f\" data-element_type=\"container\" data-e-type=\"container\">\n\t\t\t\t<div class=\"elementor-element elementor-element-d54e21a elementor-widget elementor-widget-image\" data-id=\"d54e21a\" data-element_type=\"widget\" data-e-type=\"widget\" data-widget_type=\"image.default\">\n\t\t\t\t\t\t\t\t\t\t\t\t\t\t\t<img fetchpriority=\"high\" decoding=\"async\" width=\"564\" height=\"642\" src=\"https:\/\/clairdelunetheatre.be\/wp-content\/uploads\/2026\/02\/article-presse-1.jpg\" class=\"attachment-large size-large wp-image-1799\" alt=\"\" srcset=\"https:\/\/clairdelunetheatre.be\/wp-content\/uploads\/2026\/02\/article-presse-1.jpg 564w, https:\/\/clairdelunetheatre.be\/wp-content\/uploads\/2026\/02\/article-presse-1-264x300.jpg 264w\" sizes=\"(max-width: 564px) 100vw, 564px\" \/>\t\t\t\t\t\t\t\t\t\t\t\t\t\t\t<\/div>\n\t\t\t\t<div class=\"elementor-element elementor-element-2fd7a3e elementor-widget elementor-widget-text-editor\" data-id=\"2fd7a3e\" data-element_type=\"widget\" data-e-type=\"widget\" data-widget_type=\"text-editor.default\">\n\t\t\t\t\t\t\t\t\t<h5 align=\"justify\">Clair de Lune Th\u00e9\u00e2tre tord le cou aux pr\u00e9jug\u00e9s<\/h5><h5 align=\"justify\">LaVoix du Luxembourg<\/h5><p>M\u00e8re-grand et le Petit Chaperon rouge ont d\u00e9cid\u00e9 de donner une bonne le\u00e7on au grand m\u00e9chant loup.<\/p><p>(&#8230;) &#8220;Au bout de la Grande-rue une petite roulotte attise la curiosit\u00e9 des visiteurs. C&#8217;est le &#8220;Cyclo Th\u00e9\u00e2tre&#8221; emmen\u00e9 par Paulo et Elise de la compagnie Clair de Lune Th\u00e9\u00e2tre. Une petite merveille qui plonge le public dans un th\u00e9\u00e2tre d&#8217;ombres aux fables burlesques o\u00f9 les apparences peuvent \u00eatres trompeuses. <br \/><em><br \/><\/em><strong>La vengeance de la dinde. <\/strong><br \/>&#8220;<em>On travaille beaucoup sur les rapports masculins-f\u00e9minins<\/em>&#8220;, explique Paulo. <em>&#8220;Dans les histoires pour enfants, les femmes ont souvent un r\u00f4le de seconde zone, alors on a fait tout l&#8217;inverse!<\/em>&#8221; Et pour remettre les pendules \u00e0 l&#8217;heure de l&#8217;\u00e9galit\u00e9 hommes\/femmes, la compagnie pr\u00e9sente deux mini spectacles. Dans &#8220;Faux semblants&#8221; on peut voir M\u00e8re-grand et le Petit Chaperon rouge faire passer un mauvais quart d&#8217;heure au m\u00e9chant loup, tandis que dans &#8220;La Boutique Fantasque&#8221; , l&#8217;assistante d&#8217;un magicien qui la prend pour une dinde, se transforme en gigantesque volaille et mange finalement le malheureux qui avait manqu\u00e9 de d\u00e9licatesse.<\/p><p>Le spectateur suit la sc\u00e8ne en passant la t\u00eate derri\u00e8re un rideau rouge. Dans la lumi\u00e8re tamis\u00e9e, il se retrouve au c\u0153ur d&#8217;une salle de th\u00e9\u00e2tre somptueuse, pleine de silhouettes d\u00e9coup\u00e9es et crayonn\u00e9es, et c&#8217;est sur l&#8217;\u00e9cran au fond de la salle que sont projet\u00e9es les ombres des personnages manipul\u00e9s en coulisses par Paulo.<\/p><p>Cinq minutes pour r\u00eaver et se souvenir de nos premiers coloriages et du sourire de nos bonshommes dessin\u00e9s \u00e0 la craie&#8221;.<\/p><p>Christelle Raineri<\/p>\t\t\t\t\t\t\t\t<\/div>\n\t\t\t\t<\/div>\n\t\t<div class=\"elementor-element elementor-element-9ea2c1f e-con-full e-flex e-con e-child\" data-id=\"9ea2c1f\" data-element_type=\"container\" data-e-type=\"container\">\n\t\t\t\t<div class=\"elementor-element elementor-element-453c867 elementor-widget elementor-widget-image\" data-id=\"453c867\" data-element_type=\"widget\" data-e-type=\"widget\" data-widget_type=\"image.default\">\n\t\t\t\t\t\t\t\t\t\t\t\t\t\t\t<img decoding=\"async\" width=\"540\" height=\"614\" src=\"https:\/\/clairdelunetheatre.be\/wp-content\/uploads\/2026\/02\/Prersse2.jpg\" class=\"attachment-large size-large wp-image-1803\" alt=\"\" srcset=\"https:\/\/clairdelunetheatre.be\/wp-content\/uploads\/2026\/02\/Prersse2.jpg 540w, https:\/\/clairdelunetheatre.be\/wp-content\/uploads\/2026\/02\/Prersse2-264x300.jpg 264w\" sizes=\"(max-width: 540px) 100vw, 540px\" \/>\t\t\t\t\t\t\t\t\t\t\t\t\t\t\t<\/div>\n\t\t\t\t<div class=\"elementor-element elementor-element-de0d92c elementor-widget elementor-widget-text-editor\" data-id=\"de0d92c\" data-element_type=\"widget\" data-e-type=\"widget\" data-widget_type=\"text-editor.default\">\n\t\t\t\t\t\t\t\t\t<p>Antes de nada, quiero dar un aplauso enorme que retumbe en toda la ciudad a los pap\u00e1s y a las mam\u00e1s que llevan a sus hijos al teatro los domingos por la ma\u00f1ana. Creo que es una de las maneras m\u00e1s bonitas de culturizar a las mentes peque\u00f1as, que son como esponjas y est\u00e1n dispuestas a absorber absolutamente todo lo que le demos. Chap\u00f3 por los familiares que se dan cuenta y acarrean con los peque\u00f1os hasta esas salas enormes a las que los adultos llamamos Teatro. Y chap\u00f3, sobre todo, por los papis que han llevado este domingo a sus hijos a ver Omelette. Porque no es una obra cualquiera y, porque a m\u00ed, nunca me llevaron a ver teatro sobre una pared.<\/p><p>Omelette es la historia de un pap\u00e1, una mam\u00e1, una ni\u00f1a con trenzas y una gallina. Pero, sobre el escenario (&#8230;.)<\/p>\t\t\t\t\t\t\t\t<\/div>\n\t\t\t\t<div class=\"elementor-element elementor-element-2734c88 elementor-widget__width-initial elementor-widget elementor-widget-image\" data-id=\"2734c88\" data-element_type=\"widget\" data-e-type=\"widget\" data-widget_type=\"image.default\">\n\t\t\t\t\t\t\t\t\t\t\t\t\t\t\t<img decoding=\"async\" width=\"638\" height=\"754\" src=\"https:\/\/clairdelunetheatre.be\/wp-content\/uploads\/2026\/02\/Sans-titre.jpg\" class=\"attachment-large size-large wp-image-1815\" alt=\"\" srcset=\"https:\/\/clairdelunetheatre.be\/wp-content\/uploads\/2026\/02\/Sans-titre.jpg 638w, https:\/\/clairdelunetheatre.be\/wp-content\/uploads\/2026\/02\/Sans-titre-254x300.jpg 254w\" sizes=\"(max-width: 638px) 100vw, 638px\" \/>\t\t\t\t\t\t\t\t\t\t\t\t\t\t\t<\/div>\n\t\t\t\t<div class=\"elementor-element elementor-element-dc1c5e0 elementor-widget elementor-widget-heading\" data-id=\"dc1c5e0\" data-element_type=\"widget\" data-e-type=\"widget\" data-widget_type=\"heading.default\">\n\t\t\t\t\t<h2 class=\"elementor-heading-title elementor-size-default\"><h5 align=\"justify\" style=\"color:#4d7172\">Un petit th\u00e9\u00e2tre qui p\u00e9dale dr\u00f4lement bien <\/h5><\/h2>\t\t\t\t<\/div>\n\t\t\t\t<div class=\"elementor-element elementor-element-cf69f2c elementor-widget elementor-widget-text-editor\" data-id=\"cf69f2c\" data-element_type=\"widget\" data-e-type=\"widget\" data-widget_type=\"text-editor.default\">\n\t\t\t\t\t\t\t\t\t<h5 style=\"color: #4d7172;\" align=\"justify\"><span style=\"color: #666;\"> Le plaisir d&#8217;offrir <\/span><\/h5><p align=\"justify\">&#8220;Animation que l\u2019on retrouve r\u00e9guli\u00e8rement dans les festivals, le Cyclo-Th\u00e9\u00e2tre m\u00e9rite qu\u2019on s\u2019y arr\u00eate, que l\u2019on fasse quelques minutes de file pour d\u00e9couvrir un bijou du th\u00e9\u00e2tre d\u2019ombres.Tel un ordonnateur bonhomme, Paulo Ferreira, v\u00eatu avec toute la fantaisie de rigueur va installer son petit monde avec gentillesse et bagout. <br \/>Qui sera assis sur le minuscule strapontin? \u00a0 Les enfants naturellement. Les parents glisseront la t\u00eate par des fentes soigneusement cr\u00e9es dans le tissu rouge \u00e9carlate qui est le rideau protecteur de la repr\u00e9sentation de La Boutique Fantasque. <br \/><a href=\"https:\/\/www.plaisirdoffrir.be\/Vu\/Critique.php?recordID=634\" target=\"_blank\" rel=\"noopener\"> \u25ba Read more<\/a><\/p><p>\u00a0<\/p>\t\t\t\t\t\t\t\t<\/div>\n\t\t\t\t<\/div>\n\t\t<div class=\"elementor-element elementor-element-70fb4df e-con-full e-flex e-con e-child\" data-id=\"70fb4df\" data-element_type=\"container\" data-e-type=\"container\">\n\t\t\t\t<\/div>\n\t\t<div class=\"elementor-element elementor-element-d12f545 e-con-full e-flex e-con e-child\" data-id=\"d12f545\" data-element_type=\"container\" data-e-type=\"container\">\n\t\t\t\t<\/div>\n\t\t\t\t\t<\/div>\n\t\t\t\t<\/div>\n\t\t<div class=\"elementor-element elementor-element-526ec39 e-flex e-con-boxed e-con e-parent\" data-id=\"526ec39\" data-element_type=\"container\" data-e-type=\"container\">\n\t\t\t\t\t<div class=\"e-con-inner\">\n\t\t\t\t\t<\/div>\n\t\t\t\t<\/div>\n\t\t\t\t<\/div>\n\t\t","protected":false},"excerpt":{"rendered":"<p>Clair de Lune Th\u00e9\u00e2tre tord le cou aux pr\u00e9jug\u00e9s LaVoix du Luxembourg M\u00e8re-grand et le Petit Chaperon rouge ont d\u00e9cid\u00e9 [&hellip;]<\/p>\n","protected":false},"author":1,"featured_media":0,"parent":0,"menu_order":0,"comment_status":"closed","ping_status":"closed","template":"","meta":{"site-sidebar-layout":"no-sidebar","site-content-layout":"","ast-site-content-layout":"full-width-container","site-content-style":"default","site-sidebar-style":"default","ast-global-header-display":"","ast-banner-title-visibility":"","ast-main-header-display":"","ast-hfb-above-header-display":"","ast-hfb-below-header-display":"","ast-hfb-mobile-header-display":"","site-post-title":"disabled","ast-breadcrumbs-content":"","ast-featured-img":"disabled","footer-sml-layout":"","ast-disable-related-posts":"","theme-transparent-header-meta":"","adv-header-id-meta":"","stick-header-meta":"","header-above-stick-meta":"","header-main-stick-meta":"","header-below-stick-meta":"","astra-migrate-meta-layouts":"default","ast-page-background-enabled":"default","ast-page-background-meta":{"desktop":{"background-color":"var(--ast-global-color-5)","background-image":"","background-repeat":"repeat","background-position":"center center","background-size":"auto","background-attachment":"scroll","background-type":"","background-media":"","overlay-type":"","overlay-color":"","overlay-opacity":"","overlay-gradient":""},"tablet":{"background-color":"","background-image":"","background-repeat":"repeat","background-position":"center center","background-size":"auto","background-attachment":"scroll","background-type":"","background-media":"","overlay-type":"","overlay-color":"","overlay-opacity":"","overlay-gradient":""},"mobile":{"background-color":"","background-image":"","background-repeat":"repeat","background-position":"center center","background-size":"auto","background-attachment":"scroll","background-type":"","background-media":"","overlay-type":"","overlay-color":"","overlay-opacity":"","overlay-gradient":""}},"ast-content-background-meta":{"desktop":{"background-color":"var(--ast-global-color-4)","background-image":"","background-repeat":"repeat","background-position":"center center","background-size":"auto","background-attachment":"scroll","background-type":"","background-media":"","overlay-type":"","overlay-color":"","overlay-opacity":"","overlay-gradient":""},"tablet":{"background-color":"var(--ast-global-color-4)","background-image":"","background-repeat":"repeat","background-position":"center center","background-size":"auto","background-attachment":"scroll","background-type":"","background-media":"","overlay-type":"","overlay-color":"","overlay-opacity":"","overlay-gradient":""},"mobile":{"background-color":"var(--ast-global-color-4)","background-image":"","background-repeat":"repeat","background-position":"center center","background-size":"auto","background-attachment":"scroll","background-type":"","background-media":"","overlay-type":"","overlay-color":"","overlay-opacity":"","overlay-gradient":""}},"footnotes":""},"class_list":["post-1794","page","type-page","status-publish","hentry"],"_links":{"self":[{"href":"https:\/\/clairdelunetheatre.be\/index.php\/wp-json\/wp\/v2\/pages\/1794","targetHints":{"allow":["GET"]}}],"collection":[{"href":"https:\/\/clairdelunetheatre.be\/index.php\/wp-json\/wp\/v2\/pages"}],"about":[{"href":"https:\/\/clairdelunetheatre.be\/index.php\/wp-json\/wp\/v2\/types\/page"}],"author":[{"embeddable":true,"href":"https:\/\/clairdelunetheatre.be\/index.php\/wp-json\/wp\/v2\/users\/1"}],"replies":[{"embeddable":true,"href":"https:\/\/clairdelunetheatre.be\/index.php\/wp-json\/wp\/v2\/comments?post=1794"}],"version-history":[{"count":26,"href":"https:\/\/clairdelunetheatre.be\/index.php\/wp-json\/wp\/v2\/pages\/1794\/revisions"}],"predecessor-version":[{"id":1827,"href":"https:\/\/clairdelunetheatre.be\/index.php\/wp-json\/wp\/v2\/pages\/1794\/revisions\/1827"}],"wp:attachment":[{"href":"https:\/\/clairdelunetheatre.be\/index.php\/wp-json\/wp\/v2\/media?parent=1794"}],"curies":[{"name":"wp","href":"https:\/\/api.w.org\/{rel}","templated":true}]}}