{"id":30,"date":"2026-02-09T22:08:57","date_gmt":"2026-02-09T22:08:57","guid":{"rendered":"https:\/\/chantier.clairdelunetheatre.be\/?page_id=30"},"modified":"2026-02-20T23:55:59","modified_gmt":"2026-02-20T23:55:59","slug":"accueil","status":"publish","type":"page","link":"https:\/\/clairdelunetheatre.be\/","title":{"rendered":"Compagnie"},"content":{"rendered":"\t\t<div data-elementor-type=\"wp-page\" data-elementor-id=\"30\" class=\"elementor elementor-30\">\n\t\t\t\t<div class=\"elementor-element elementor-element-a79877e e-flex e-con-boxed e-con e-parent\" data-id=\"a79877e\" data-element_type=\"container\" data-e-type=\"container\" id=\"hero\" data-settings=\"{&quot;background_background&quot;:&quot;classic&quot;}\">\n\t\t\t\t\t<div class=\"e-con-inner\">\n\t\t\t\t\t<\/div>\n\t\t\t\t<\/div>\n\t\t<div class=\"elementor-element elementor-element-bd1929e e-flex e-con-boxed e-con e-parent\" data-id=\"bd1929e\" data-element_type=\"container\" data-e-type=\"container\" id=\"block-blanc\" data-settings=\"{&quot;background_background&quot;:&quot;classic&quot;}\">\n\t\t\t\t\t<div class=\"e-con-inner\">\n\t\t\t\t<div class=\"elementor-element elementor-element-faf3d28 elementor-widget elementor-widget-heading\" data-id=\"faf3d28\" data-element_type=\"widget\" data-e-type=\"widget\" data-widget_type=\"heading.default\">\n\t\t\t\t\t<h2 class=\"elementor-heading-title elementor-size-default\">La compagnie<\/h2>\t\t\t\t<\/div>\n\t\t\t\t<div class=\"elementor-element elementor-element-7aa1c50 elementor-widget elementor-widget-text-editor\" data-id=\"7aa1c50\" data-element_type=\"widget\" data-e-type=\"widget\" data-widget_type=\"text-editor.default\">\n\t\t\t\t\t\t\t\t\t<p>Le\u00a0<strong>Clair de Lune Th\u00e9\u00e2tre<\/strong>\u00a0est une compagnie de th\u00e9\u00e2tre visuel qui place la musique au c\u0153ur de son langage sc\u00e9nique.<\/p><p>Notre travail repose sur la pr\u00e9cision de la d\u00e9coupe et l\u2019expressivit\u00e9 du mouvement. L\u2019ombre n\u2019est pas seulement une technique : elle est un espace po\u00e9tique qui r\u00e9v\u00e8le la lumi\u00e8re. La musique est une source d\u2019inspiration essentielle. Elle accompagne, structure et nourrit le processus de cr\u00e9ation. Elle ne vient pas simplement illustrer l\u2019image : elle dialogue avec elle, l\u2019oriente, la transforme. Nous concevons nos spectacles comme des tableaux musicaux, o\u00f9 l\u2019image et la musique s\u2019inscrivent dans une recherche constante de pr\u00e9cision et d\u2019harmonie.<\/p>\t\t\t\t\t\t\t\t<\/div>\n\t\t\t\t<div class=\"elementor-element elementor-element-9397c9d elementor-widget elementor-widget-heading\" data-id=\"9397c9d\" data-element_type=\"widget\" data-e-type=\"widget\" data-widget_type=\"heading.default\">\n\t\t\t\t\t<h2 class=\"elementor-heading-title elementor-size-default\">Une esth\u00e9tique du d\u00e9calage<\/h2>\t\t\t\t<\/div>\n\t\t\t\t<div class=\"elementor-element elementor-element-6e33a58 elementor-widget elementor-widget-text-editor\" data-id=\"6e33a58\" data-element_type=\"widget\" data-e-type=\"widget\" data-widget_type=\"text-editor.default\">\n\t\t\t\t\t\t\t\t\t<p>L\u2019humour est omnipr\u00e9sent dans toutes nos cr\u00e9ations.<br \/>Oser rire, oser remettre en question, laisser courir l\u2019imaginaire.<\/p><p>Il nous permet d\u2019ouvrir un espace critique sans perdre la l\u00e9g\u00e8ret\u00e9. Notre but est d\u2019offrir, le temps d\u2019une repr\u00e9sentation, un espace libre, sensible et accessible \u00e0 tous.<\/p>\t\t\t\t\t\t\t\t<\/div>\n\t\t\t\t<div class=\"elementor-element elementor-element-865a745 elementor-widget elementor-widget-heading\" data-id=\"865a745\" data-element_type=\"widget\" data-e-type=\"widget\" data-widget_type=\"heading.default\">\n\t\t\t\t\t<h2 class=\"elementor-heading-title elementor-size-default\">Une \u00e9volution avec L\u2019Orguishibai<\/h2>\t\t\t\t<\/div>\n\t\t\t\t<div class=\"elementor-element elementor-element-5954b80 elementor-widget elementor-widget-text-editor\" data-id=\"5954b80\" data-element_type=\"widget\" data-e-type=\"widget\" data-widget_type=\"text-editor.default\">\n\t\t\t\t\t\t\t\t\t<p>Avec notre nouvelle cr\u00e9ation <a href=\"https:\/\/chantier.clairdelunetheatre.be\/index.php\/orguishibai\/\"><em>l&#8217;Orguishibai<\/em><\/a> nous explorons de nouvelles voies, de nouvelles techniques, de nouvelles exp\u00e9riences.<\/p><p>Ce projet marque une \u00e9volution logique de notre parcours : nous passons du th\u00e9\u00e2tre d\u2019ombres \u00e0 la marionnette en trois dimensions. L\u2019image se transforme, prend du volume et occupe autrement l\u2019espace.<\/p><p>Cette \u00e9volution est port\u00e9e par la m\u00eame curiosit\u00e9 et la m\u00eame cr\u00e9ativit\u00e9 pr\u00e9sentes depuis le d\u00e9but. La musique demeure un \u00e9l\u00e9ment central : elle guide la structure, impulse le rythme et nourrit l\u2019imaginaire.<\/p><p>Nos prochaines cr\u00e9ations s\u2019orienteront vers une dimension encore plus musicale, approfondissant ce dialogue constant entre l\u2019image et la musique.<\/p>\t\t\t\t\t\t\t\t<\/div>\n\t\t\t\t\t<\/div>\n\t\t\t\t<\/div>\n\t\t<div class=\"elementor-element elementor-element-edbb389 e-flex e-con-boxed e-con e-parent\" data-id=\"edbb389\" data-element_type=\"container\" data-e-type=\"container\" id=\"contact\">\n\t\t\t\t\t<div class=\"e-con-inner\">\n\t\t\t\t<div class=\"elementor-element elementor-element-3810ffa elementor-widget elementor-widget-heading\" data-id=\"3810ffa\" data-element_type=\"widget\" data-e-type=\"widget\" data-widget_type=\"heading.default\">\n\t\t\t\t\t<h2 class=\"elementor-heading-title elementor-size-default\">Contact<\/h2>\t\t\t\t<\/div>\n\t\t\t\t<div class=\"elementor-element elementor-element-3d6da1f elementor-widget elementor-widget-text-editor\" data-id=\"3d6da1f\" data-element_type=\"widget\" data-e-type=\"widget\" data-widget_type=\"text-editor.default\">\n\t\t\t\t\t\t\t\t\t<p>+32 476 781 876<\/p><p>clairdelunetheatre@gmail.com<\/p><p>Rue Victor Rauter 277, 1070 Bruxelles, Belgique<\/p>\t\t\t\t\t\t\t\t<\/div>\n\t\t\t\t<div class=\"elementor-element elementor-element-ec0088c elementor-shape-circle elementor-grid-0 e-grid-align-center elementor-widget elementor-widget-social-icons\" data-id=\"ec0088c\" data-element_type=\"widget\" data-e-type=\"widget\" data-widget_type=\"social-icons.default\">\n\t\t\t\t\t\t\t<div class=\"elementor-social-icons-wrapper elementor-grid\" role=\"list\">\n\t\t\t\t\t\t\t<span class=\"elementor-grid-item\" role=\"listitem\">\n\t\t\t\t\t<a class=\"elementor-icon elementor-social-icon elementor-social-icon-facebook elementor-animation-shrink elementor-repeater-item-12fb37f\" href=\"https:\/\/www.facebook.com\/ClairdeLuneTheatredOmbres\/?locale=fr_FR\" target=\"_blank\">\n\t\t\t\t\t\t<span class=\"elementor-screen-only\">Facebook<\/span>\n\t\t\t\t\t\t<svg aria-hidden=\"true\" class=\"e-font-icon-svg e-fab-facebook\" viewBox=\"0 0 512 512\" xmlns=\"http:\/\/www.w3.org\/2000\/svg\"><path d=\"M504 256C504 119 393 8 256 8S8 119 8 256c0 123.78 90.69 226.38 209.25 245V327.69h-63V256h63v-54.64c0-62.15 37-96.48 93.67-96.48 27.14 0 55.52 4.84 55.52 4.84v61h-31.28c-30.8 0-40.41 19.12-40.41 38.73V256h68.78l-11 71.69h-57.78V501C413.31 482.38 504 379.78 504 256z\"><\/path><\/svg>\t\t\t\t\t<\/a>\n\t\t\t\t<\/span>\n\t\t\t\t\t\t\t<span class=\"elementor-grid-item\" role=\"listitem\">\n\t\t\t\t\t<a class=\"elementor-icon elementor-social-icon elementor-social-icon-youtube elementor-animation-shrink elementor-repeater-item-38f616a\" href=\"https:\/\/www.youtube.com\/@ferreirapaulo1\" target=\"_blank\">\n\t\t\t\t\t\t<span class=\"elementor-screen-only\">Youtube<\/span>\n\t\t\t\t\t\t<svg aria-hidden=\"true\" class=\"e-font-icon-svg e-fab-youtube\" viewBox=\"0 0 576 512\" xmlns=\"http:\/\/www.w3.org\/2000\/svg\"><path d=\"M549.655 124.083c-6.281-23.65-24.787-42.276-48.284-48.597C458.781 64 288 64 288 64S117.22 64 74.629 75.486c-23.497 6.322-42.003 24.947-48.284 48.597-11.412 42.867-11.412 132.305-11.412 132.305s0 89.438 11.412 132.305c6.281 23.65 24.787 41.5 48.284 47.821C117.22 448 288 448 288 448s170.78 0 213.371-11.486c23.497-6.321 42.003-24.171 48.284-47.821 11.412-42.867 11.412-132.305 11.412-132.305s0-89.438-11.412-132.305zm-317.51 213.508V175.185l142.739 81.205-142.739 81.201z\"><\/path><\/svg>\t\t\t\t\t<\/a>\n\t\t\t\t<\/span>\n\t\t\t\t\t<\/div>\n\t\t\t\t\t\t<\/div>\n\t\t\t\t\t<\/div>\n\t\t\t\t<\/div>\n\t\t\t\t<\/div>\n\t\t","protected":false},"excerpt":{"rendered":"<p>La compagnie Le\u00a0Clair de Lune Th\u00e9\u00e2tre\u00a0est une compagnie de th\u00e9\u00e2tre visuel qui place la musique au c\u0153ur de son langage [&hellip;]<\/p>\n","protected":false},"author":1,"featured_media":0,"parent":0,"menu_order":0,"comment_status":"closed","ping_status":"closed","template":"","meta":{"site-sidebar-layout":"no-sidebar","site-content-layout":"","ast-site-content-layout":"full-width-container","site-content-style":"default","site-sidebar-style":"default","ast-global-header-display":"","ast-banner-title-visibility":"","ast-main-header-display":"","ast-hfb-above-header-display":"","ast-hfb-below-header-display":"","ast-hfb-mobile-header-display":"","site-post-title":"disabled","ast-breadcrumbs-content":"","ast-featured-img":"disabled","footer-sml-layout":"","ast-disable-related-posts":"","theme-transparent-header-meta":"","adv-header-id-meta":"","stick-header-meta":"","header-above-stick-meta":"","header-main-stick-meta":"","header-below-stick-meta":"","astra-migrate-meta-layouts":"default","ast-page-background-enabled":"default","ast-page-background-meta":{"desktop":{"background-color":"var(--ast-global-color-5)","background-image":"","background-repeat":"repeat","background-position":"center center","background-size":"auto","background-attachment":"scroll","background-type":"","background-media":"","overlay-type":"","overlay-color":"","overlay-opacity":"","overlay-gradient":""},"tablet":{"background-color":"","background-image":"","background-repeat":"repeat","background-position":"center center","background-size":"auto","background-attachment":"scroll","background-type":"","background-media":"","overlay-type":"","overlay-color":"","overlay-opacity":"","overlay-gradient":""},"mobile":{"background-color":"","background-image":"","background-repeat":"repeat","background-position":"center center","background-size":"auto","background-attachment":"scroll","background-type":"","background-media":"","overlay-type":"","overlay-color":"","overlay-opacity":"","overlay-gradient":""}},"ast-content-background-meta":{"desktop":{"background-color":"var(--ast-global-color-4)","background-image":"","background-repeat":"repeat","background-position":"center center","background-size":"auto","background-attachment":"scroll","background-type":"","background-media":"","overlay-type":"","overlay-color":"","overlay-opacity":"","overlay-gradient":""},"tablet":{"background-color":"var(--ast-global-color-4)","background-image":"","background-repeat":"repeat","background-position":"center center","background-size":"auto","background-attachment":"scroll","background-type":"","background-media":"","overlay-type":"","overlay-color":"","overlay-opacity":"","overlay-gradient":""},"mobile":{"background-color":"var(--ast-global-color-4)","background-image":"","background-repeat":"repeat","background-position":"center center","background-size":"auto","background-attachment":"scroll","background-type":"","background-media":"","overlay-type":"","overlay-color":"","overlay-opacity":"","overlay-gradient":""}},"footnotes":""},"class_list":["post-30","page","type-page","status-publish","hentry"],"_links":{"self":[{"href":"https:\/\/clairdelunetheatre.be\/index.php\/wp-json\/wp\/v2\/pages\/30","targetHints":{"allow":["GET"]}}],"collection":[{"href":"https:\/\/clairdelunetheatre.be\/index.php\/wp-json\/wp\/v2\/pages"}],"about":[{"href":"https:\/\/clairdelunetheatre.be\/index.php\/wp-json\/wp\/v2\/types\/page"}],"author":[{"embeddable":true,"href":"https:\/\/clairdelunetheatre.be\/index.php\/wp-json\/wp\/v2\/users\/1"}],"replies":[{"embeddable":true,"href":"https:\/\/clairdelunetheatre.be\/index.php\/wp-json\/wp\/v2\/comments?post=30"}],"version-history":[{"count":529,"href":"https:\/\/clairdelunetheatre.be\/index.php\/wp-json\/wp\/v2\/pages\/30\/revisions"}],"predecessor-version":[{"id":1746,"href":"https:\/\/clairdelunetheatre.be\/index.php\/wp-json\/wp\/v2\/pages\/30\/revisions\/1746"}],"wp:attachment":[{"href":"https:\/\/clairdelunetheatre.be\/index.php\/wp-json\/wp\/v2\/media?parent=30"}],"curies":[{"name":"wp","href":"https:\/\/api.w.org\/{rel}","templated":true}]}}