{"id":34,"date":"2026-02-09T21:48:06","date_gmt":"2026-02-09T21:48:06","guid":{"rendered":"https:\/\/chantier.clairdelunetheatre.be\/?page_id=34"},"modified":"2026-02-21T13:23:41","modified_gmt":"2026-02-21T13:23:41","slug":"le-cirque-est-arrive","status":"publish","type":"page","link":"https:\/\/clairdelunetheatre.be\/index.php\/le-cirque-est-arrive\/","title":{"rendered":"Le Cirque est arriv\u00e9 !"},"content":{"rendered":"\t\t<div data-elementor-type=\"wp-page\" data-elementor-id=\"34\" class=\"elementor elementor-34\">\n\t\t\t\t<div class=\"elementor-element elementor-element-ee66a5c e-flex e-con-boxed e-con e-parent\" data-id=\"ee66a5c\" data-element_type=\"container\" data-e-type=\"container\" data-settings=\"{&quot;background_background&quot;:&quot;classic&quot;}\">\n\t\t\t\t\t<div class=\"e-con-inner\">\n\t\t\t\t<div class=\"elementor-element elementor-element-a5a0a88 elementor-widget elementor-widget-heading\" data-id=\"a5a0a88\" data-element_type=\"widget\" data-e-type=\"widget\" data-widget_type=\"heading.default\">\n\t\t\t\t\t<h2 class=\"elementor-heading-title elementor-size-default\">Le Cirque est arriv\u00e9 !<\/h2>\t\t\t\t<\/div>\n\t\t\t\t\t<\/div>\n\t\t\t\t<\/div>\n\t\t<div class=\"elementor-element elementor-element-adfec03 e-flex e-con-boxed e-con e-parent\" data-id=\"adfec03\" data-element_type=\"container\" data-e-type=\"container\" data-settings=\"{&quot;background_background&quot;:&quot;classic&quot;}\">\n\t\t\t\t\t<div class=\"e-con-inner\">\n\t\t\t\t<div class=\"elementor-element elementor-element-282bea2 elementor-widget elementor-widget-text-editor\" data-id=\"282bea2\" data-element_type=\"widget\" data-e-type=\"widget\" data-widget_type=\"text-editor.default\">\n\t\t\t\t\t\t\t\t\t<p>Le rideau se l\u00e8ve. Un cirque d&#8217;ombres arrive et tout devient possible. Ombres et lumi\u00e8re ex\u00e9cutent pirouettes et pitreries, vous racontent une histoire sans paroles, sautillant sur des notes et des cliquetis.<\/p>\t\t\t\t\t\t\t\t<\/div>\n\t\t\t\t\t<\/div>\n\t\t\t\t<\/div>\n\t\t<div class=\"elementor-element elementor-element-d120ec2 e-flex e-con-boxed e-con e-parent\" data-id=\"d120ec2\" data-element_type=\"container\" data-e-type=\"container\" data-settings=\"{&quot;background_background&quot;:&quot;classic&quot;}\">\n\t\t\t\t\t<div class=\"e-con-inner\">\n\t\t\t\t<div class=\"elementor-element elementor-element-02b9d39 elementor-widget elementor-widget-text-editor\" data-id=\"02b9d39\" data-element_type=\"widget\" data-e-type=\"widget\" data-widget_type=\"text-editor.default\">\n\t\t\t\t\t\t\t\t\t<p><strong>Dur\u00e9e : <\/strong>30 min<\/p><p><strong>Public :<\/strong> A partir de 3 ans<\/p><p><strong>Une id\u00e9e de :<\/strong> Paulo Ferreira<\/p><p><strong>Mise en sc\u00e8ne :<\/strong> Elise Dethier<\/p><p><strong>Musique :<\/strong> Pascal Ayerbe<\/p><p><strong>Manipulation :<\/strong> Paulo Ferreira<\/p><p><strong>D\u00e9cors et silhouettes :<\/strong> Paulo Ferreira<\/p>\t\t\t\t\t\t\t\t<\/div>\n\t\t\t\t\t<\/div>\n\t\t\t\t<\/div>\n\t\t<div class=\"elementor-element elementor-element-752b05c e-grid e-con-boxed e-con e-parent\" data-id=\"752b05c\" data-element_type=\"container\" data-e-type=\"container\" data-settings=\"{&quot;background_background&quot;:&quot;classic&quot;}\">\n\t\t\t\t\t<div class=\"e-con-inner\">\n\t\t\t\t<div class=\"elementor-element elementor-element-ca35054 elementor-widget elementor-widget-image\" data-id=\"ca35054\" data-element_type=\"widget\" data-e-type=\"widget\" data-widget_type=\"image.default\">\n\t\t\t\t\t\t\t\t\t\t\t\t\t\t\t<img fetchpriority=\"high\" decoding=\"async\" width=\"1024\" height=\"683\" src=\"https:\/\/clairdelunetheatre.be\/wp-content\/uploads\/2026\/02\/cirque04_modif-1024x683.jpg\" class=\"attachment-large size-large wp-image-404\" alt=\"\" srcset=\"https:\/\/clairdelunetheatre.be\/wp-content\/uploads\/2026\/02\/cirque04_modif-1024x683.jpg 1024w, https:\/\/clairdelunetheatre.be\/wp-content\/uploads\/2026\/02\/cirque04_modif-300x200.jpg 300w, https:\/\/clairdelunetheatre.be\/wp-content\/uploads\/2026\/02\/cirque04_modif-768x512.jpg 768w, https:\/\/clairdelunetheatre.be\/wp-content\/uploads\/2026\/02\/cirque04_modif-1536x1024.jpg 1536w, https:\/\/clairdelunetheatre.be\/wp-content\/uploads\/2026\/02\/cirque04_modif-2048x1365.jpg 2048w\" sizes=\"(max-width: 1024px) 100vw, 1024px\" \/>\t\t\t\t\t\t\t\t\t\t\t\t\t\t\t<\/div>\n\t\t\t\t<div class=\"elementor-element elementor-element-52f839f elementor-widget elementor-widget-image\" data-id=\"52f839f\" data-element_type=\"widget\" data-e-type=\"widget\" data-widget_type=\"image.default\">\n\t\t\t\t\t\t\t\t\t\t\t\t\t\t\t<img decoding=\"async\" width=\"1024\" height=\"682\" src=\"https:\/\/clairdelunetheatre.be\/wp-content\/uploads\/2026\/02\/Le-cirque-est-arrive\u2560u-1024x682.jpg\" class=\"attachment-large size-large wp-image-401\" alt=\"\" srcset=\"https:\/\/clairdelunetheatre.be\/wp-content\/uploads\/2026\/02\/Le-cirque-est-arrive\u2560u-1024x682.jpg 1024w, https:\/\/clairdelunetheatre.be\/wp-content\/uploads\/2026\/02\/Le-cirque-est-arrive\u2560u-300x200.jpg 300w, https:\/\/clairdelunetheatre.be\/wp-content\/uploads\/2026\/02\/Le-cirque-est-arrive\u2560u-768x512.jpg 768w, https:\/\/clairdelunetheatre.be\/wp-content\/uploads\/2026\/02\/Le-cirque-est-arrive\u2560u.jpg 1181w\" sizes=\"(max-width: 1024px) 100vw, 1024px\" \/>\t\t\t\t\t\t\t\t\t\t\t\t\t\t\t<\/div>\n\t\t\t\t<div class=\"elementor-element elementor-element-e0da2aa elementor-widget elementor-widget-image\" data-id=\"e0da2aa\" data-element_type=\"widget\" data-e-type=\"widget\" data-widget_type=\"image.default\">\n\t\t\t\t\t\t\t\t\t\t\t\t\t\t\t<img decoding=\"async\" width=\"1024\" height=\"683\" src=\"https:\/\/clairdelunetheatre.be\/wp-content\/uploads\/2026\/02\/cirque02_modif-1024x683.jpg\" class=\"attachment-large size-large wp-image-402\" alt=\"\" srcset=\"https:\/\/clairdelunetheatre.be\/wp-content\/uploads\/2026\/02\/cirque02_modif-1024x683.jpg 1024w, https:\/\/clairdelunetheatre.be\/wp-content\/uploads\/2026\/02\/cirque02_modif-300x200.jpg 300w, https:\/\/clairdelunetheatre.be\/wp-content\/uploads\/2026\/02\/cirque02_modif-768x512.jpg 768w, https:\/\/clairdelunetheatre.be\/wp-content\/uploads\/2026\/02\/cirque02_modif-1536x1024.jpg 1536w, https:\/\/clairdelunetheatre.be\/wp-content\/uploads\/2026\/02\/cirque02_modif-2048x1365.jpg 2048w\" sizes=\"(max-width: 1024px) 100vw, 1024px\" \/>\t\t\t\t\t\t\t\t\t\t\t\t\t\t\t<\/div>\n\t\t\t\t<div class=\"elementor-element elementor-element-4e99e78 elementor-widget elementor-widget-image\" data-id=\"4e99e78\" data-element_type=\"widget\" data-e-type=\"widget\" data-widget_type=\"image.default\">\n\t\t\t\t\t\t\t\t\t\t\t\t\t\t\t<img loading=\"lazy\" decoding=\"async\" width=\"1024\" height=\"680\" src=\"https:\/\/clairdelunetheatre.be\/wp-content\/uploads\/2026\/02\/Cirque-avec-enfants-1024x680.jpg\" class=\"attachment-large size-large wp-image-399\" alt=\"\" srcset=\"https:\/\/clairdelunetheatre.be\/wp-content\/uploads\/2026\/02\/Cirque-avec-enfants-1024x680.jpg 1024w, https:\/\/clairdelunetheatre.be\/wp-content\/uploads\/2026\/02\/Cirque-avec-enfants-300x199.jpg 300w, https:\/\/clairdelunetheatre.be\/wp-content\/uploads\/2026\/02\/Cirque-avec-enfants-768x510.jpg 768w, https:\/\/clairdelunetheatre.be\/wp-content\/uploads\/2026\/02\/Cirque-avec-enfants-1536x1020.jpg 1536w, https:\/\/clairdelunetheatre.be\/wp-content\/uploads\/2026\/02\/Cirque-avec-enfants-2048x1360.jpg 2048w\" sizes=\"(max-width: 1024px) 100vw, 1024px\" \/>\t\t\t\t\t\t\t\t\t\t\t\t\t\t\t<\/div>\n\t\t\t\t<div class=\"elementor-element elementor-element-3314ad7 elementor-widget elementor-widget-image\" data-id=\"3314ad7\" data-element_type=\"widget\" data-e-type=\"widget\" data-widget_type=\"image.default\">\n\t\t\t\t\t\t\t\t\t\t\t\t\t\t\t<img loading=\"lazy\" decoding=\"async\" width=\"1024\" height=\"683\" src=\"https:\/\/clairdelunetheatre.be\/wp-content\/uploads\/2026\/02\/cirque03_modif-1024x683.jpg\" class=\"attachment-large size-large wp-image-403\" alt=\"\" srcset=\"https:\/\/clairdelunetheatre.be\/wp-content\/uploads\/2026\/02\/cirque03_modif-1024x683.jpg 1024w, https:\/\/clairdelunetheatre.be\/wp-content\/uploads\/2026\/02\/cirque03_modif-300x200.jpg 300w, https:\/\/clairdelunetheatre.be\/wp-content\/uploads\/2026\/02\/cirque03_modif-768x512.jpg 768w, https:\/\/clairdelunetheatre.be\/wp-content\/uploads\/2026\/02\/cirque03_modif-1536x1024.jpg 1536w, https:\/\/clairdelunetheatre.be\/wp-content\/uploads\/2026\/02\/cirque03_modif-2048x1365.jpg 2048w\" sizes=\"(max-width: 1024px) 100vw, 1024px\" \/>\t\t\t\t\t\t\t\t\t\t\t\t\t\t\t<\/div>\n\t\t\t\t<div class=\"elementor-element elementor-element-9820594 elementor-widget elementor-widget-image\" data-id=\"9820594\" data-element_type=\"widget\" data-e-type=\"widget\" data-widget_type=\"image.default\">\n\t\t\t\t\t\t\t\t\t\t\t\t\t\t\t<img loading=\"lazy\" decoding=\"async\" width=\"1024\" height=\"683\" src=\"https:\/\/clairdelunetheatre.be\/wp-content\/uploads\/2026\/02\/cirque01-1024x683.jpg\" class=\"attachment-large size-large wp-image-400\" alt=\"\" srcset=\"https:\/\/clairdelunetheatre.be\/wp-content\/uploads\/2026\/02\/cirque01-1024x683.jpg 1024w, https:\/\/clairdelunetheatre.be\/wp-content\/uploads\/2026\/02\/cirque01-300x200.jpg 300w, https:\/\/clairdelunetheatre.be\/wp-content\/uploads\/2026\/02\/cirque01-768x512.jpg 768w, https:\/\/clairdelunetheatre.be\/wp-content\/uploads\/2026\/02\/cirque01-1536x1024.jpg 1536w, https:\/\/clairdelunetheatre.be\/wp-content\/uploads\/2026\/02\/cirque01-2048x1365.jpg 2048w\" sizes=\"(max-width: 1024px) 100vw, 1024px\" \/>\t\t\t\t\t\t\t\t\t\t\t\t\t\t\t<\/div>\n\t\t\t\t\t<\/div>\n\t\t\t\t<\/div>\n\t\t<div class=\"elementor-element elementor-element-9879fe4 e-flex e-con-boxed e-con e-parent\" data-id=\"9879fe4\" data-element_type=\"container\" data-e-type=\"container\" data-settings=\"{&quot;background_background&quot;:&quot;classic&quot;}\">\n\t\t\t\t\t<div class=\"e-con-inner\">\n\t\t\t\t<div class=\"elementor-element elementor-element-51476af elementor-widget elementor-widget-video\" data-id=\"51476af\" data-element_type=\"widget\" data-e-type=\"widget\" data-settings=\"{&quot;youtube_url&quot;:&quot;https:\\\/\\\/www.youtube.com\\\/watch?v=aPTnLM3vs3w&quot;,&quot;video_type&quot;:&quot;youtube&quot;,&quot;controls&quot;:&quot;yes&quot;}\" data-widget_type=\"video.default\">\n\t\t\t\t\t\t\t<div class=\"elementor-wrapper elementor-open-inline\">\n\t\t\t<div class=\"elementor-video\"><\/div>\t\t<\/div>\n\t\t\t\t\t\t<\/div>\n\t\t\t\t\t<\/div>\n\t\t\t\t<\/div>\n\t\t<div class=\"elementor-element elementor-element-5ddcce2 e-flex e-con-boxed e-con e-parent\" data-id=\"5ddcce2\" data-element_type=\"container\" data-e-type=\"container\" data-settings=\"{&quot;background_background&quot;:&quot;classic&quot;}\">\n\t\t\t\t\t<div class=\"e-con-inner\">\n\t\t\t\t<div class=\"elementor-element elementor-element-47ed2e7 elementor-widget elementor-widget-button\" data-id=\"47ed2e7\" data-element_type=\"widget\" data-e-type=\"widget\" data-widget_type=\"button.default\">\n\t\t\t\t\t\t\t\t\t\t<a class=\"elementor-button elementor-button-link elementor-size-sm elementor-animation-shrink\" href=\"https:\/\/clairdelunetheatre.be\/wp-content\/uploads\/2026\/02\/Le-Cirque-est-arrive.zip\" target=\"_blank\">\n\t\t\t\t\t\t<span class=\"elementor-button-content-wrapper\">\n\t\t\t\t\t\t\t\t\t<span class=\"elementor-button-text\">Fiche technique et autres<\/span>\n\t\t\t\t\t<\/span>\n\t\t\t\t\t<\/a>\n\t\t\t\t\t\t\t\t<\/div>\n\t\t\t\t\t<\/div>\n\t\t\t\t<\/div>\n\t\t\t\t<\/div>\n\t\t","protected":false},"excerpt":{"rendered":"<p>Le Cirque est arriv\u00e9 ! Le rideau se l\u00e8ve. Un cirque d&#8217;ombres arrive et tout devient possible. Ombres et lumi\u00e8re [&hellip;]<\/p>\n","protected":false},"author":1,"featured_media":0,"parent":0,"menu_order":0,"comment_status":"closed","ping_status":"closed","template":"","meta":{"site-sidebar-layout":"no-sidebar","site-content-layout":"","ast-site-content-layout":"full-width-container","site-content-style":"default","site-sidebar-style":"default","ast-global-header-display":"","ast-banner-title-visibility":"","ast-main-header-display":"","ast-hfb-above-header-display":"","ast-hfb-below-header-display":"","ast-hfb-mobile-header-display":"","site-post-title":"disabled","ast-breadcrumbs-content":"","ast-featured-img":"disabled","footer-sml-layout":"","ast-disable-related-posts":"","theme-transparent-header-meta":"","adv-header-id-meta":"","stick-header-meta":"","header-above-stick-meta":"","header-main-stick-meta":"","header-below-stick-meta":"","astra-migrate-meta-layouts":"default","ast-page-background-enabled":"default","ast-page-background-meta":{"desktop":{"background-color":"var(--ast-global-color-5)","background-image":"","background-repeat":"repeat","background-position":"center center","background-size":"auto","background-attachment":"scroll","background-type":"","background-media":"","overlay-type":"","overlay-color":"","overlay-opacity":"","overlay-gradient":""},"tablet":{"background-color":"","background-image":"","background-repeat":"repeat","background-position":"center center","background-size":"auto","background-attachment":"scroll","background-type":"","background-media":"","overlay-type":"","overlay-color":"","overlay-opacity":"","overlay-gradient":""},"mobile":{"background-color":"","background-image":"","background-repeat":"repeat","background-position":"center center","background-size":"auto","background-attachment":"scroll","background-type":"","background-media":"","overlay-type":"","overlay-color":"","overlay-opacity":"","overlay-gradient":""}},"ast-content-background-meta":{"desktop":{"background-color":"var(--ast-global-color-4)","background-image":"","background-repeat":"repeat","background-position":"center center","background-size":"auto","background-attachment":"scroll","background-type":"","background-media":"","overlay-type":"","overlay-color":"","overlay-opacity":"","overlay-gradient":""},"tablet":{"background-color":"var(--ast-global-color-4)","background-image":"","background-repeat":"repeat","background-position":"center center","background-size":"auto","background-attachment":"scroll","background-type":"","background-media":"","overlay-type":"","overlay-color":"","overlay-opacity":"","overlay-gradient":""},"mobile":{"background-color":"var(--ast-global-color-4)","background-image":"","background-repeat":"repeat","background-position":"center center","background-size":"auto","background-attachment":"scroll","background-type":"","background-media":"","overlay-type":"","overlay-color":"","overlay-opacity":"","overlay-gradient":""}},"footnotes":""},"class_list":["post-34","page","type-page","status-publish","hentry"],"_links":{"self":[{"href":"https:\/\/clairdelunetheatre.be\/index.php\/wp-json\/wp\/v2\/pages\/34","targetHints":{"allow":["GET"]}}],"collection":[{"href":"https:\/\/clairdelunetheatre.be\/index.php\/wp-json\/wp\/v2\/pages"}],"about":[{"href":"https:\/\/clairdelunetheatre.be\/index.php\/wp-json\/wp\/v2\/types\/page"}],"author":[{"embeddable":true,"href":"https:\/\/clairdelunetheatre.be\/index.php\/wp-json\/wp\/v2\/users\/1"}],"replies":[{"embeddable":true,"href":"https:\/\/clairdelunetheatre.be\/index.php\/wp-json\/wp\/v2\/comments?post=34"}],"version-history":[{"count":82,"href":"https:\/\/clairdelunetheatre.be\/index.php\/wp-json\/wp\/v2\/pages\/34\/revisions"}],"predecessor-version":[{"id":1786,"href":"https:\/\/clairdelunetheatre.be\/index.php\/wp-json\/wp\/v2\/pages\/34\/revisions\/1786"}],"wp:attachment":[{"href":"https:\/\/clairdelunetheatre.be\/index.php\/wp-json\/wp\/v2\/media?parent=34"}],"curies":[{"name":"wp","href":"https:\/\/api.w.org\/{rel}","templated":true}]}}