{"id":36,"date":"2026-02-09T21:48:49","date_gmt":"2026-02-09T21:48:49","guid":{"rendered":"https:\/\/chantier.clairdelunetheatre.be\/?page_id=36"},"modified":"2026-02-21T00:51:57","modified_gmt":"2026-02-21T00:51:57","slug":"le-cyclo-theatre","status":"publish","type":"page","link":"https:\/\/clairdelunetheatre.be\/index.php\/le-cyclo-theatre\/","title":{"rendered":"Le cyclo th\u00e9\u00e2tre"},"content":{"rendered":"\t\t<div data-elementor-type=\"wp-page\" data-elementor-id=\"36\" class=\"elementor elementor-36\">\n\t\t\t\t<div class=\"elementor-element elementor-element-e0133bc e-flex e-con-boxed e-con e-parent\" data-id=\"e0133bc\" data-element_type=\"container\" data-e-type=\"container\" data-settings=\"{&quot;background_background&quot;:&quot;classic&quot;}\">\n\t\t\t\t\t<div class=\"e-con-inner\">\n\t\t\t\t<div class=\"elementor-element elementor-element-f900f67 elementor-widget elementor-widget-heading\" data-id=\"f900f67\" data-element_type=\"widget\" data-e-type=\"widget\" data-widget_type=\"heading.default\">\n\t\t\t\t\t<h2 class=\"elementor-heading-title elementor-size-default\">Le cyclo th\u00e9\u00e2tre (cl\u00f4tur\u00e9)<\/h2>\t\t\t\t<\/div>\n\t\t\t\t\t<\/div>\n\t\t\t\t<\/div>\n\t\t<div class=\"elementor-element elementor-element-8348d20 e-flex e-con-boxed e-con e-parent\" data-id=\"8348d20\" data-element_type=\"container\" data-e-type=\"container\" data-settings=\"{&quot;background_background&quot;:&quot;classic&quot;}\">\n\t\t\t\t\t<div class=\"e-con-inner\">\n\t\t\t\t<div class=\"elementor-element elementor-element-edeeda5 elementor-widget elementor-widget-text-editor\" data-id=\"edeeda5\" data-element_type=\"widget\" data-e-type=\"widget\" data-widget_type=\"text-editor.default\">\n\t\t\t\t\t\t\t\t\t<p><strong>Expos\u00e9 au Mus\u00e9e de la Marionnette de Fribourg (Suisse)<\/strong><\/p>\t\t\t\t\t\t\t\t<\/div>\n\t\t\t\t\t<\/div>\n\t\t\t\t<\/div>\n\t\t<div class=\"elementor-element elementor-element-654b613 e-flex e-con-boxed e-con e-parent\" data-id=\"654b613\" data-element_type=\"container\" data-e-type=\"container\" data-settings=\"{&quot;background_background&quot;:&quot;classic&quot;}\">\n\t\t\t\t\t<div class=\"e-con-inner\">\n\t\t\t\t<div class=\"elementor-element elementor-element-308519b elementor-widget elementor-widget-text-editor\" data-id=\"308519b\" data-element_type=\"widget\" data-e-type=\"widget\" data-widget_type=\"text-editor.default\">\n\t\t\t\t\t\t\t\t\t<p>Le Cyclo Th\u00e9\u00e2tre est l\u2019aboutissement d\u2019un vieux r\u00eave, qui a vu le jour en d\u00e9cembre 2007. Construire un petit th\u00e9\u00e2tre d\u2019ombres mobile, facile \u00e0 transporter, \u00abpasse-partout\u00bb, de fa\u00e7on \u00e0 pouvoir jouer aussi bien \u00e0 l\u2019int\u00e9rieur qu\u2019\u00e0 l\u2019ext\u00e9rieur, le jour comme la nuit&#8230; un monde \u00e0 petite \u00e9chelle, \u00e0 la mani\u00e8re d\u2019un th\u00e9\u00e2tre en papier, o\u00f9 miniature rime avec po\u00e9sie.<\/p>\t\t\t\t\t\t\t\t<\/div>\n\t\t\t\t\t<\/div>\n\t\t\t\t<\/div>\n\t\t<div class=\"elementor-element elementor-element-22baf13 e-flex e-con-boxed e-con e-parent\" data-id=\"22baf13\" data-element_type=\"container\" data-e-type=\"container\" data-settings=\"{&quot;background_background&quot;:&quot;classic&quot;}\">\n\t\t\t\t\t<div class=\"e-con-inner\">\n\t\t\t\t<div class=\"elementor-element elementor-element-9e01a1a elementor-widget elementor-widget-text-editor\" data-id=\"9e01a1a\" data-element_type=\"widget\" data-e-type=\"widget\" data-widget_type=\"text-editor.default\">\n\t\t\t\t\t\t\t\t\t<p><strong>Dur\u00e9e :\u00a0<\/strong>8 min<\/p><p><strong>Public :<\/strong> A partir de 3 ans<\/p><p><strong>Une id\u00e9e de :<\/strong> Paulo Ferreira<\/p><p><strong>Mise en sc\u00e8ne :<\/strong> Elise Dethier<\/p><p><strong>Manipulation :<\/strong> Paulo Ferreira<\/p><p><strong>D\u00e9cors et constructions :<\/strong> Paulo Ferreira, Andr\u00e9e Valentin, Miguel Borges<\/p>\t\t\t\t\t\t\t\t<\/div>\n\t\t\t\t\t<\/div>\n\t\t\t\t<\/div>\n\t\t<div class=\"elementor-element elementor-element-5f0e004 e-grid e-con-boxed e-con e-parent\" data-id=\"5f0e004\" data-element_type=\"container\" data-e-type=\"container\" data-settings=\"{&quot;background_background&quot;:&quot;classic&quot;}\">\n\t\t\t\t\t<div class=\"e-con-inner\">\n\t\t\t\t<div class=\"elementor-element elementor-element-da5e9c5 elementor-widget elementor-widget-image\" data-id=\"da5e9c5\" data-element_type=\"widget\" data-e-type=\"widget\" data-widget_type=\"image.default\">\n\t\t\t\t\t\t\t\t\t\t\t\t\t\t\t<img fetchpriority=\"high\" decoding=\"async\" width=\"1024\" height=\"682\" src=\"https:\/\/clairdelunetheatre.be\/wp-content\/uploads\/2026\/02\/MG_6693-1024x682.jpg\" class=\"attachment-large size-large wp-image-326\" alt=\"\" srcset=\"https:\/\/clairdelunetheatre.be\/wp-content\/uploads\/2026\/02\/MG_6693-1024x682.jpg 1024w, https:\/\/clairdelunetheatre.be\/wp-content\/uploads\/2026\/02\/MG_6693-300x200.jpg 300w, https:\/\/clairdelunetheatre.be\/wp-content\/uploads\/2026\/02\/MG_6693-768x512.jpg 768w, https:\/\/clairdelunetheatre.be\/wp-content\/uploads\/2026\/02\/MG_6693.jpg 1181w\" sizes=\"(max-width: 1024px) 100vw, 1024px\" \/>\t\t\t\t\t\t\t\t\t\t\t\t\t\t\t<\/div>\n\t\t\t\t<div class=\"elementor-element elementor-element-597eafc elementor-widget elementor-widget-image\" data-id=\"597eafc\" data-element_type=\"widget\" data-e-type=\"widget\" data-widget_type=\"image.default\">\n\t\t\t\t\t\t\t\t\t\t\t\t\t\t\t<img decoding=\"async\" width=\"787\" height=\"525\" src=\"https:\/\/clairdelunetheatre.be\/wp-content\/uploads\/2026\/02\/MG_6855_modifbon.jpg\" class=\"attachment-large size-large wp-image-631\" alt=\"\" srcset=\"https:\/\/clairdelunetheatre.be\/wp-content\/uploads\/2026\/02\/MG_6855_modifbon.jpg 787w, https:\/\/clairdelunetheatre.be\/wp-content\/uploads\/2026\/02\/MG_6855_modifbon-300x200.jpg 300w, https:\/\/clairdelunetheatre.be\/wp-content\/uploads\/2026\/02\/MG_6855_modifbon-768x512.jpg 768w\" sizes=\"(max-width: 787px) 100vw, 787px\" \/>\t\t\t\t\t\t\t\t\t\t\t\t\t\t\t<\/div>\n\t\t\t\t<div class=\"elementor-element elementor-element-b761406 elementor-widget elementor-widget-image\" data-id=\"b761406\" data-element_type=\"widget\" data-e-type=\"widget\" data-widget_type=\"image.default\">\n\t\t\t\t\t\t\t\t\t\t\t\t\t\t\t<img decoding=\"async\" width=\"1024\" height=\"682\" src=\"https:\/\/clairdelunetheatre.be\/wp-content\/uploads\/2026\/02\/MG_6840-1024x682.jpg\" class=\"attachment-large size-large wp-image-327\" alt=\"\" srcset=\"https:\/\/clairdelunetheatre.be\/wp-content\/uploads\/2026\/02\/MG_6840-1024x682.jpg 1024w, https:\/\/clairdelunetheatre.be\/wp-content\/uploads\/2026\/02\/MG_6840-300x200.jpg 300w, https:\/\/clairdelunetheatre.be\/wp-content\/uploads\/2026\/02\/MG_6840-768x512.jpg 768w, https:\/\/clairdelunetheatre.be\/wp-content\/uploads\/2026\/02\/MG_6840.jpg 1181w\" sizes=\"(max-width: 1024px) 100vw, 1024px\" \/>\t\t\t\t\t\t\t\t\t\t\t\t\t\t\t<\/div>\n\t\t\t\t<div class=\"elementor-element elementor-element-b4c9842 elementor-widget elementor-widget-image\" data-id=\"b4c9842\" data-element_type=\"widget\" data-e-type=\"widget\" data-widget_type=\"image.default\">\n\t\t\t\t\t\t\t\t\t\t\t\t\t\t\t<img loading=\"lazy\" decoding=\"async\" width=\"1024\" height=\"682\" src=\"https:\/\/clairdelunetheatre.be\/wp-content\/uploads\/2026\/02\/Cyclo-The\u2560ua\u2560etre-033-1024x682.jpg\" class=\"attachment-large size-large wp-image-332\" alt=\"\" srcset=\"https:\/\/clairdelunetheatre.be\/wp-content\/uploads\/2026\/02\/Cyclo-The\u2560ua\u2560etre-033-1024x682.jpg 1024w, https:\/\/clairdelunetheatre.be\/wp-content\/uploads\/2026\/02\/Cyclo-The\u2560ua\u2560etre-033-300x200.jpg 300w, https:\/\/clairdelunetheatre.be\/wp-content\/uploads\/2026\/02\/Cyclo-The\u2560ua\u2560etre-033-768x512.jpg 768w, https:\/\/clairdelunetheatre.be\/wp-content\/uploads\/2026\/02\/Cyclo-The\u2560ua\u2560etre-033.jpg 1181w\" sizes=\"(max-width: 1024px) 100vw, 1024px\" \/>\t\t\t\t\t\t\t\t\t\t\t\t\t\t\t<\/div>\n\t\t\t\t<div class=\"elementor-element elementor-element-2aa0c9a elementor-widget elementor-widget-image\" data-id=\"2aa0c9a\" data-element_type=\"widget\" data-e-type=\"widget\" data-widget_type=\"image.default\">\n\t\t\t\t\t\t\t\t\t\t\t\t\t\t\t<img loading=\"lazy\" decoding=\"async\" width=\"1024\" height=\"682\" src=\"https:\/\/clairdelunetheatre.be\/wp-content\/uploads\/2026\/02\/Cyclo-The\u2560ua\u2560etre-030-1024x682.jpg\" class=\"attachment-large size-large wp-image-330\" alt=\"\" srcset=\"https:\/\/clairdelunetheatre.be\/wp-content\/uploads\/2026\/02\/Cyclo-The\u2560ua\u2560etre-030-1024x682.jpg 1024w, https:\/\/clairdelunetheatre.be\/wp-content\/uploads\/2026\/02\/Cyclo-The\u2560ua\u2560etre-030-300x200.jpg 300w, https:\/\/clairdelunetheatre.be\/wp-content\/uploads\/2026\/02\/Cyclo-The\u2560ua\u2560etre-030-768x512.jpg 768w, https:\/\/clairdelunetheatre.be\/wp-content\/uploads\/2026\/02\/Cyclo-The\u2560ua\u2560etre-030.jpg 1181w\" sizes=\"(max-width: 1024px) 100vw, 1024px\" \/>\t\t\t\t\t\t\t\t\t\t\t\t\t\t\t<\/div>\n\t\t\t\t<div class=\"elementor-element elementor-element-8e70bd5 elementor-widget elementor-widget-image\" data-id=\"8e70bd5\" data-element_type=\"widget\" data-e-type=\"widget\" data-widget_type=\"image.default\">\n\t\t\t\t\t\t\t\t\t\t\t\t\t\t\t<img loading=\"lazy\" decoding=\"async\" width=\"1024\" height=\"682\" src=\"https:\/\/clairdelunetheatre.be\/wp-content\/uploads\/2026\/02\/Cyclo-The\u2560ua\u2560etre-017-1024x682.jpg\" class=\"attachment-large size-large wp-image-331\" alt=\"\" srcset=\"https:\/\/clairdelunetheatre.be\/wp-content\/uploads\/2026\/02\/Cyclo-The\u2560ua\u2560etre-017-1024x682.jpg 1024w, https:\/\/clairdelunetheatre.be\/wp-content\/uploads\/2026\/02\/Cyclo-The\u2560ua\u2560etre-017-300x200.jpg 300w, https:\/\/clairdelunetheatre.be\/wp-content\/uploads\/2026\/02\/Cyclo-The\u2560ua\u2560etre-017-768x512.jpg 768w, https:\/\/clairdelunetheatre.be\/wp-content\/uploads\/2026\/02\/Cyclo-The\u2560ua\u2560etre-017.jpg 1181w\" sizes=\"(max-width: 1024px) 100vw, 1024px\" \/>\t\t\t\t\t\t\t\t\t\t\t\t\t\t\t<\/div>\n\t\t\t\t\t<\/div>\n\t\t\t\t<\/div>\n\t\t<div class=\"elementor-element elementor-element-e66eeca e-flex e-con-boxed e-con e-parent\" data-id=\"e66eeca\" data-element_type=\"container\" data-e-type=\"container\" data-settings=\"{&quot;background_background&quot;:&quot;classic&quot;}\">\n\t\t\t\t\t<div class=\"e-con-inner\">\n\t\t\t\t<div class=\"elementor-element elementor-element-8c31f2e elementor-widget elementor-widget-video\" data-id=\"8c31f2e\" data-element_type=\"widget\" data-e-type=\"widget\" data-settings=\"{&quot;youtube_url&quot;:&quot;https:\\\/\\\/www.youtube.com\\\/watch?v=4AHCoVp8-v0&quot;,&quot;video_type&quot;:&quot;youtube&quot;,&quot;controls&quot;:&quot;yes&quot;}\" data-widget_type=\"video.default\">\n\t\t\t\t\t\t\t<div class=\"elementor-wrapper elementor-open-inline\">\n\t\t\t<div class=\"elementor-video\"><\/div>\t\t<\/div>\n\t\t\t\t\t\t<\/div>\n\t\t\t\t\t<\/div>\n\t\t\t\t<\/div>\n\t\t<div class=\"elementor-element elementor-element-3b0f11a e-flex e-con-boxed e-con e-parent\" data-id=\"3b0f11a\" data-element_type=\"container\" data-e-type=\"container\">\n\t\t\t\t\t<div class=\"e-con-inner\">\n\t\t\t\t<div class=\"elementor-element elementor-element-4a855d2 elementor-widget elementor-widget-video\" data-id=\"4a855d2\" data-element_type=\"widget\" data-e-type=\"widget\" data-settings=\"{&quot;youtube_url&quot;:&quot;https:\\\/\\\/www.youtube.com\\\/watch?v=yfFpBQnp0FQ&quot;,&quot;video_type&quot;:&quot;youtube&quot;,&quot;controls&quot;:&quot;yes&quot;}\" data-widget_type=\"video.default\">\n\t\t\t\t\t\t\t<div class=\"elementor-wrapper elementor-open-inline\">\n\t\t\t<div class=\"elementor-video\"><\/div>\t\t<\/div>\n\t\t\t\t\t\t<\/div>\n\t\t\t\t\t<\/div>\n\t\t\t\t<\/div>\n\t\t\t\t<\/div>\n\t\t","protected":false},"excerpt":{"rendered":"<p>Le cyclo th\u00e9\u00e2tre (cl\u00f4tur\u00e9) Expos\u00e9 au Mus\u00e9e de la Marionnette de Fribourg (Suisse) Le Cyclo Th\u00e9\u00e2tre est l\u2019aboutissement d\u2019un vieux [&hellip;]<\/p>\n","protected":false},"author":1,"featured_media":0,"parent":0,"menu_order":0,"comment_status":"closed","ping_status":"closed","template":"","meta":{"site-sidebar-layout":"no-sidebar","site-content-layout":"","ast-site-content-layout":"full-width-container","site-content-style":"default","site-sidebar-style":"default","ast-global-header-display":"","ast-banner-title-visibility":"","ast-main-header-display":"","ast-hfb-above-header-display":"","ast-hfb-below-header-display":"","ast-hfb-mobile-header-display":"","site-post-title":"disabled","ast-breadcrumbs-content":"","ast-featured-img":"disabled","footer-sml-layout":"","ast-disable-related-posts":"","theme-transparent-header-meta":"","adv-header-id-meta":"","stick-header-meta":"","header-above-stick-meta":"","header-main-stick-meta":"","header-below-stick-meta":"","astra-migrate-meta-layouts":"default","ast-page-background-enabled":"default","ast-page-background-meta":{"desktop":{"background-color":"var(--ast-global-color-5)","background-image":"","background-repeat":"repeat","background-position":"center center","background-size":"auto","background-attachment":"scroll","background-type":"","background-media":"","overlay-type":"","overlay-color":"","overlay-opacity":"","overlay-gradient":""},"tablet":{"background-color":"","background-image":"","background-repeat":"repeat","background-position":"center center","background-size":"auto","background-attachment":"scroll","background-type":"","background-media":"","overlay-type":"","overlay-color":"","overlay-opacity":"","overlay-gradient":""},"mobile":{"background-color":"","background-image":"","background-repeat":"repeat","background-position":"center center","background-size":"auto","background-attachment":"scroll","background-type":"","background-media":"","overlay-type":"","overlay-color":"","overlay-opacity":"","overlay-gradient":""}},"ast-content-background-meta":{"desktop":{"background-color":"var(--ast-global-color-4)","background-image":"","background-repeat":"repeat","background-position":"center center","background-size":"auto","background-attachment":"scroll","background-type":"","background-media":"","overlay-type":"","overlay-color":"","overlay-opacity":"","overlay-gradient":""},"tablet":{"background-color":"var(--ast-global-color-4)","background-image":"","background-repeat":"repeat","background-position":"center center","background-size":"auto","background-attachment":"scroll","background-type":"","background-media":"","overlay-type":"","overlay-color":"","overlay-opacity":"","overlay-gradient":""},"mobile":{"background-color":"var(--ast-global-color-4)","background-image":"","background-repeat":"repeat","background-position":"center center","background-size":"auto","background-attachment":"scroll","background-type":"","background-media":"","overlay-type":"","overlay-color":"","overlay-opacity":"","overlay-gradient":""}},"footnotes":""},"class_list":["post-36","page","type-page","status-publish","hentry"],"_links":{"self":[{"href":"https:\/\/clairdelunetheatre.be\/index.php\/wp-json\/wp\/v2\/pages\/36","targetHints":{"allow":["GET"]}}],"collection":[{"href":"https:\/\/clairdelunetheatre.be\/index.php\/wp-json\/wp\/v2\/pages"}],"about":[{"href":"https:\/\/clairdelunetheatre.be\/index.php\/wp-json\/wp\/v2\/types\/page"}],"author":[{"embeddable":true,"href":"https:\/\/clairdelunetheatre.be\/index.php\/wp-json\/wp\/v2\/users\/1"}],"replies":[{"embeddable":true,"href":"https:\/\/clairdelunetheatre.be\/index.php\/wp-json\/wp\/v2\/comments?post=36"}],"version-history":[{"count":77,"href":"https:\/\/clairdelunetheatre.be\/index.php\/wp-json\/wp\/v2\/pages\/36\/revisions"}],"predecessor-version":[{"id":1762,"href":"https:\/\/clairdelunetheatre.be\/index.php\/wp-json\/wp\/v2\/pages\/36\/revisions\/1762"}],"wp:attachment":[{"href":"https:\/\/clairdelunetheatre.be\/index.php\/wp-json\/wp\/v2\/media?parent=36"}],"curies":[{"name":"wp","href":"https:\/\/api.w.org\/{rel}","templated":true}]}}