{"id":40,"date":"2026-02-09T21:49:36","date_gmt":"2026-02-09T21:49:36","guid":{"rendered":"https:\/\/chantier.clairdelunetheatre.be\/?page_id=40"},"modified":"2026-02-21T00:50:49","modified_gmt":"2026-02-21T00:50:49","slug":"mon-ami-le-monstre","status":"publish","type":"page","link":"https:\/\/clairdelunetheatre.be\/index.php\/mon-ami-le-monstre\/","title":{"rendered":"Mon ami le monstre"},"content":{"rendered":"\t\t<div data-elementor-type=\"wp-page\" data-elementor-id=\"40\" class=\"elementor elementor-40\">\n\t\t\t\t<div class=\"elementor-element elementor-element-ca59724 e-flex e-con-boxed e-con e-parent\" data-id=\"ca59724\" data-element_type=\"container\" data-e-type=\"container\">\n\t\t\t\t\t<div class=\"e-con-inner\">\n\t\t\t\t<div class=\"elementor-element elementor-element-c13d986 elementor-widget elementor-widget-heading\" data-id=\"c13d986\" data-element_type=\"widget\" data-e-type=\"widget\" data-widget_type=\"heading.default\">\n\t\t\t\t\t<h2 class=\"elementor-heading-title elementor-size-default\">Mon ami le monstre (cl\u00f4tur\u00e9)<\/h2>\t\t\t\t<\/div>\n\t\t\t\t<div class=\"elementor-element elementor-element-fd25690 elementor-widget elementor-widget-text-editor\" data-id=\"fd25690\" data-element_type=\"widget\" data-e-type=\"widget\" data-widget_type=\"text-editor.default\">\n\t\t\t\t\t\t\t\t\t<p><strong>Expos\u00e9 \u00e0 l&#8217;Espace Marionettes de Tubize, Belgique<\/strong><\/p>\t\t\t\t\t\t\t\t<\/div>\n\t\t\t\t\t<\/div>\n\t\t\t\t<\/div>\n\t\t<div class=\"elementor-element elementor-element-7156bef e-flex e-con-boxed e-con e-parent\" data-id=\"7156bef\" data-element_type=\"container\" data-e-type=\"container\">\n\t\t\t\t\t<div class=\"e-con-inner\">\n\t\t\t\t<div class=\"elementor-element elementor-element-fffcf17 elementor-widget elementor-widget-text-editor\" data-id=\"fffcf17\" data-element_type=\"widget\" data-e-type=\"widget\" data-widget_type=\"text-editor.default\">\n\t\t\t\t\t\t\t\t\t<p>L&#8217;histoire raconte&#8230;\u00a0Un marionnettiste et sa dr\u00f4le d&#8217;assistante, assemblent sous les yeux des spectateurs une silhouette \u00e9trange et lui donnent vie, pour raconter la terrible histoire de Frankenstein.<\/p><p>La cr\u00e9ature est attir\u00e9e par le monde et s&#8217;invite \u00e0 la f\u00eate. Inconsciente de son apparence physique &#8211; un bricolage de membres et d&#8217;organes fra\u00eechement d\u00e9coup\u00e9s, elle d\u00e9clenche la panique chez la populace jusqu&#8217;au chaos g\u00e9n\u00e9ral. Fuyante, solitaire, d\u00e9sesp\u00e9r\u00e9e, en qu\u00eate d&#8217;amiti\u00e9 et r\u00e9confort, la cr\u00e9ature se lie d&#8217;amiti\u00e9 avec deux enfants, un musicien puis un vieil ours. Mais ce bonheur lui sera vite arrach\u00e9 par la foule enrag\u00e9e, la poussant \u00e0 la r\u00e9volte.<\/p><p>Partag\u00e9e entre l&#8217;envie de raconter une histoire dramatique et le plaisir de boire du th\u00e9 ( au grand d\u00e9sespoir du marionnettiste ! ) l\u2019assistante va jusqu\u2019\u00e0 d\u00e9crocher la lune pour r\u00e9conforter la cr\u00e9ature !<\/p>\t\t\t\t\t\t\t\t<\/div>\n\t\t\t\t\t<\/div>\n\t\t\t\t<\/div>\n\t\t<div class=\"elementor-element elementor-element-38e19e0 e-flex e-con-boxed e-con e-parent\" data-id=\"38e19e0\" data-element_type=\"container\" data-e-type=\"container\">\n\t\t\t\t\t<div class=\"e-con-inner\">\n\t\t\t\t<div class=\"elementor-element elementor-element-2509356 elementor-widget elementor-widget-text-editor\" data-id=\"2509356\" data-element_type=\"widget\" data-e-type=\"widget\" data-widget_type=\"text-editor.default\">\n\t\t\t\t\t\t\t\t\t<p><strong>Dur\u00e9e :<\/strong> 50 min<\/p><p><strong>Public :<\/strong> A partir de 5 ans<\/p><p><strong>Auteurs :<\/strong> Paulo Ferreira, Amanda Kibble<\/p><p><strong>Com\u00e9diens, marionnettistes :<\/strong> Paulo Ferreira, Amanda Kibble<\/p><p><strong>Mise en sc\u00e8ne :<\/strong> Francy Begasse<\/p><p><strong>Construction marionnettes :<\/strong> Paulo Ferreira<\/p><p><strong>Sc\u00e9nographie :<\/strong> Elise Dethier, Bernard Destree<\/p><p><strong>Costumes :<\/strong> Sophie Debaisieux<\/p><p><strong>Eclairages :<\/strong> Jean Louis Gilles<\/p><p><strong>Effets sp\u00e9ciaux :<\/strong> Paco Arguelles<\/p><p><strong>Photos :<\/strong> Luiza Rauleac<\/p><p><strong>Musique :<\/strong> E. Ondine (accord\u00e9on), Ondes Martenot J. Vallons (guitare \u00e9lectrique), Joao Nidaj (piano jouet)<\/p>\t\t\t\t\t\t\t\t<\/div>\n\t\t\t\t\t<\/div>\n\t\t\t\t<\/div>\n\t\t<div class=\"elementor-element elementor-element-a32a156 e-grid e-con-boxed e-con e-parent\" data-id=\"a32a156\" data-element_type=\"container\" data-e-type=\"container\" data-settings=\"{&quot;background_background&quot;:&quot;classic&quot;}\">\n\t\t\t\t\t<div class=\"e-con-inner\">\n\t\t\t\t<div class=\"elementor-element elementor-element-5fca81a elementor-widget elementor-widget-image\" data-id=\"5fca81a\" data-element_type=\"widget\" data-e-type=\"widget\" data-widget_type=\"image.default\">\n\t\t\t\t\t\t\t\t\t\t\t\t\t\t\t<img fetchpriority=\"high\" decoding=\"async\" width=\"787\" height=\"525\" src=\"https:\/\/clairdelunetheatre.be\/wp-content\/uploads\/2026\/02\/DSC0449311_modif.jpg\" class=\"attachment-large size-large wp-image-378\" alt=\"\" srcset=\"https:\/\/clairdelunetheatre.be\/wp-content\/uploads\/2026\/02\/DSC0449311_modif.jpg 787w, https:\/\/clairdelunetheatre.be\/wp-content\/uploads\/2026\/02\/DSC0449311_modif-300x200.jpg 300w, https:\/\/clairdelunetheatre.be\/wp-content\/uploads\/2026\/02\/DSC0449311_modif-768x512.jpg 768w\" sizes=\"(max-width: 787px) 100vw, 787px\" \/>\t\t\t\t\t\t\t\t\t\t\t\t\t\t\t<\/div>\n\t\t\t\t<div class=\"elementor-element elementor-element-aa0c2fa elementor-widget elementor-widget-image\" data-id=\"aa0c2fa\" data-element_type=\"widget\" data-e-type=\"widget\" data-widget_type=\"image.default\">\n\t\t\t\t\t\t\t\t\t\t\t\t\t\t\t<img decoding=\"async\" width=\"496\" height=\"331\" src=\"https:\/\/clairdelunetheatre.be\/wp-content\/uploads\/2026\/02\/DSCN3257_modif.jpg\" class=\"attachment-large size-large wp-image-373\" alt=\"\" srcset=\"https:\/\/clairdelunetheatre.be\/wp-content\/uploads\/2026\/02\/DSCN3257_modif.jpg 496w, https:\/\/clairdelunetheatre.be\/wp-content\/uploads\/2026\/02\/DSCN3257_modif-300x200.jpg 300w\" sizes=\"(max-width: 496px) 100vw, 496px\" \/>\t\t\t\t\t\t\t\t\t\t\t\t\t\t\t<\/div>\n\t\t\t\t<div class=\"elementor-element elementor-element-1c0a1a9 elementor-widget elementor-widget-image\" data-id=\"1c0a1a9\" data-element_type=\"widget\" data-e-type=\"widget\" data-widget_type=\"image.default\">\n\t\t\t\t\t\t\t\t\t\t\t\t\t\t\t<img decoding=\"async\" width=\"771\" height=\"514\" src=\"https:\/\/clairdelunetheatre.be\/wp-content\/uploads\/2026\/02\/DSC0451211_modif.jpg\" class=\"attachment-large size-large wp-image-374\" alt=\"\" srcset=\"https:\/\/clairdelunetheatre.be\/wp-content\/uploads\/2026\/02\/DSC0451211_modif.jpg 771w, https:\/\/clairdelunetheatre.be\/wp-content\/uploads\/2026\/02\/DSC0451211_modif-300x200.jpg 300w, https:\/\/clairdelunetheatre.be\/wp-content\/uploads\/2026\/02\/DSC0451211_modif-768x512.jpg 768w\" sizes=\"(max-width: 771px) 100vw, 771px\" \/>\t\t\t\t\t\t\t\t\t\t\t\t\t\t\t<\/div>\n\t\t\t\t<div class=\"elementor-element elementor-element-462a42a elementor-widget elementor-widget-image\" data-id=\"462a42a\" data-element_type=\"widget\" data-e-type=\"widget\" data-widget_type=\"image.default\">\n\t\t\t\t\t\t\t\t\t\t\t\t\t\t\t<img loading=\"lazy\" decoding=\"async\" width=\"787\" height=\"525\" src=\"https:\/\/clairdelunetheatre.be\/wp-content\/uploads\/2026\/02\/DSC0477211_modif.jpg\" class=\"attachment-large size-large wp-image-377\" alt=\"\" srcset=\"https:\/\/clairdelunetheatre.be\/wp-content\/uploads\/2026\/02\/DSC0477211_modif.jpg 787w, https:\/\/clairdelunetheatre.be\/wp-content\/uploads\/2026\/02\/DSC0477211_modif-300x200.jpg 300w, https:\/\/clairdelunetheatre.be\/wp-content\/uploads\/2026\/02\/DSC0477211_modif-768x512.jpg 768w\" sizes=\"(max-width: 787px) 100vw, 787px\" \/>\t\t\t\t\t\t\t\t\t\t\t\t\t\t\t<\/div>\n\t\t\t\t<div class=\"elementor-element elementor-element-fa0e5fa elementor-widget elementor-widget-image\" data-id=\"fa0e5fa\" data-element_type=\"widget\" data-e-type=\"widget\" data-widget_type=\"image.default\">\n\t\t\t\t\t\t\t\t\t\t\t\t\t\t\t<img loading=\"lazy\" decoding=\"async\" width=\"491\" height=\"327\" src=\"https:\/\/clairdelunetheatre.be\/wp-content\/uploads\/2026\/02\/DSC0472211_modif.jpg\" class=\"attachment-large size-large wp-image-372\" alt=\"\" srcset=\"https:\/\/clairdelunetheatre.be\/wp-content\/uploads\/2026\/02\/DSC0472211_modif.jpg 491w, https:\/\/clairdelunetheatre.be\/wp-content\/uploads\/2026\/02\/DSC0472211_modif-300x200.jpg 300w\" sizes=\"(max-width: 491px) 100vw, 491px\" \/>\t\t\t\t\t\t\t\t\t\t\t\t\t\t\t<\/div>\n\t\t\t\t<div class=\"elementor-element elementor-element-36788d0 elementor-widget elementor-widget-image\" data-id=\"36788d0\" data-element_type=\"widget\" data-e-type=\"widget\" data-widget_type=\"image.default\">\n\t\t\t\t\t\t\t\t\t\t\t\t\t\t\t<img loading=\"lazy\" decoding=\"async\" width=\"787\" height=\"524\" src=\"https:\/\/clairdelunetheatre.be\/wp-content\/uploads\/2026\/02\/DSC0450711.jpg\" class=\"attachment-large size-large wp-image-367\" alt=\"\" srcset=\"https:\/\/clairdelunetheatre.be\/wp-content\/uploads\/2026\/02\/DSC0450711.jpg 787w, https:\/\/clairdelunetheatre.be\/wp-content\/uploads\/2026\/02\/DSC0450711-300x200.jpg 300w, https:\/\/clairdelunetheatre.be\/wp-content\/uploads\/2026\/02\/DSC0450711-768x511.jpg 768w\" sizes=\"(max-width: 787px) 100vw, 787px\" \/>\t\t\t\t\t\t\t\t\t\t\t\t\t\t\t<\/div>\n\t\t\t\t\t<\/div>\n\t\t\t\t<\/div>\n\t\t<div class=\"elementor-element elementor-element-8660bd1 e-flex e-con-boxed e-con e-parent\" data-id=\"8660bd1\" data-element_type=\"container\" data-e-type=\"container\" data-settings=\"{&quot;background_background&quot;:&quot;classic&quot;}\">\n\t\t\t\t\t<div class=\"e-con-inner\">\n\t\t\t\t<div class=\"elementor-element elementor-element-e7f2ce8 elementor-widget elementor-widget-video\" data-id=\"e7f2ce8\" data-element_type=\"widget\" data-e-type=\"widget\" data-settings=\"{&quot;youtube_url&quot;:&quot;https:\\\/\\\/www.youtube.com\\\/watch?v=8JGEpeD8V0c&quot;,&quot;video_type&quot;:&quot;youtube&quot;,&quot;controls&quot;:&quot;yes&quot;}\" data-widget_type=\"video.default\">\n\t\t\t\t\t\t\t<div class=\"elementor-wrapper elementor-open-inline\">\n\t\t\t<div class=\"elementor-video\"><\/div>\t\t<\/div>\n\t\t\t\t\t\t<\/div>\n\t\t\t\t\t<\/div>\n\t\t\t\t<\/div>\n\t\t\t\t<\/div>\n\t\t","protected":false},"excerpt":{"rendered":"<p>Mon ami le monstre (cl\u00f4tur\u00e9) Expos\u00e9 \u00e0 l&#8217;Espace Marionettes de Tubize, Belgique L&#8217;histoire raconte&#8230;\u00a0Un marionnettiste et sa dr\u00f4le d&#8217;assistante, assemblent [&hellip;]<\/p>\n","protected":false},"author":1,"featured_media":0,"parent":0,"menu_order":0,"comment_status":"closed","ping_status":"closed","template":"","meta":{"site-sidebar-layout":"no-sidebar","site-content-layout":"","ast-site-content-layout":"full-width-container","site-content-style":"default","site-sidebar-style":"default","ast-global-header-display":"","ast-banner-title-visibility":"","ast-main-header-display":"","ast-hfb-above-header-display":"","ast-hfb-below-header-display":"","ast-hfb-mobile-header-display":"","site-post-title":"disabled","ast-breadcrumbs-content":"","ast-featured-img":"disabled","footer-sml-layout":"","ast-disable-related-posts":"","theme-transparent-header-meta":"","adv-header-id-meta":"","stick-header-meta":"","header-above-stick-meta":"","header-main-stick-meta":"","header-below-stick-meta":"","astra-migrate-meta-layouts":"default","ast-page-background-enabled":"default","ast-page-background-meta":{"desktop":{"background-color":"var(--ast-global-color-5)","background-image":"","background-repeat":"repeat","background-position":"center center","background-size":"auto","background-attachment":"scroll","background-type":"","background-media":"","overlay-type":"","overlay-color":"","overlay-opacity":"","overlay-gradient":""},"tablet":{"background-color":"","background-image":"","background-repeat":"repeat","background-position":"center center","background-size":"auto","background-attachment":"scroll","background-type":"","background-media":"","overlay-type":"","overlay-color":"","overlay-opacity":"","overlay-gradient":""},"mobile":{"background-color":"","background-image":"","background-repeat":"repeat","background-position":"center center","background-size":"auto","background-attachment":"scroll","background-type":"","background-media":"","overlay-type":"","overlay-color":"","overlay-opacity":"","overlay-gradient":""}},"ast-content-background-meta":{"desktop":{"background-color":"var(--ast-global-color-4)","background-image":"","background-repeat":"repeat","background-position":"center center","background-size":"auto","background-attachment":"scroll","background-type":"","background-media":"","overlay-type":"","overlay-color":"","overlay-opacity":"","overlay-gradient":""},"tablet":{"background-color":"var(--ast-global-color-4)","background-image":"","background-repeat":"repeat","background-position":"center center","background-size":"auto","background-attachment":"scroll","background-type":"","background-media":"","overlay-type":"","overlay-color":"","overlay-opacity":"","overlay-gradient":""},"mobile":{"background-color":"var(--ast-global-color-4)","background-image":"","background-repeat":"repeat","background-position":"center center","background-size":"auto","background-attachment":"scroll","background-type":"","background-media":"","overlay-type":"","overlay-color":"","overlay-opacity":"","overlay-gradient":""}},"footnotes":""},"class_list":["post-40","page","type-page","status-publish","hentry"],"_links":{"self":[{"href":"https:\/\/clairdelunetheatre.be\/index.php\/wp-json\/wp\/v2\/pages\/40","targetHints":{"allow":["GET"]}}],"collection":[{"href":"https:\/\/clairdelunetheatre.be\/index.php\/wp-json\/wp\/v2\/pages"}],"about":[{"href":"https:\/\/clairdelunetheatre.be\/index.php\/wp-json\/wp\/v2\/types\/page"}],"author":[{"embeddable":true,"href":"https:\/\/clairdelunetheatre.be\/index.php\/wp-json\/wp\/v2\/users\/1"}],"replies":[{"embeddable":true,"href":"https:\/\/clairdelunetheatre.be\/index.php\/wp-json\/wp\/v2\/comments?post=40"}],"version-history":[{"count":71,"href":"https:\/\/clairdelunetheatre.be\/index.php\/wp-json\/wp\/v2\/pages\/40\/revisions"}],"predecessor-version":[{"id":1756,"href":"https:\/\/clairdelunetheatre.be\/index.php\/wp-json\/wp\/v2\/pages\/40\/revisions\/1756"}],"wp:attachment":[{"href":"https:\/\/clairdelunetheatre.be\/index.php\/wp-json\/wp\/v2\/media?parent=40"}],"curies":[{"name":"wp","href":"https:\/\/api.w.org\/{rel}","templated":true}]}}