{"id":42,"date":"2026-02-09T21:50:05","date_gmt":"2026-02-09T21:50:05","guid":{"rendered":"https:\/\/chantier.clairdelunetheatre.be\/?page_id=42"},"modified":"2026-02-19T17:14:23","modified_gmt":"2026-02-19T17:14:23","slug":"sacree-pagaille","status":"publish","type":"page","link":"https:\/\/clairdelunetheatre.be\/index.php\/sacree-pagaille\/","title":{"rendered":"Sacr\u00e9e pagaille"},"content":{"rendered":"\t\t<div data-elementor-type=\"wp-page\" data-elementor-id=\"42\" class=\"elementor elementor-42\">\n\t\t\t\t<div class=\"elementor-element elementor-element-a77b1af e-flex e-con-boxed e-con e-parent\" data-id=\"a77b1af\" data-element_type=\"container\" data-e-type=\"container\" data-settings=\"{&quot;background_background&quot;:&quot;classic&quot;}\">\n\t\t\t\t\t<div class=\"e-con-inner\">\n\t\t\t\t<div class=\"elementor-element elementor-element-415d3e0 elementor-widget elementor-widget-heading\" data-id=\"415d3e0\" data-element_type=\"widget\" data-e-type=\"widget\" data-widget_type=\"heading.default\">\n\t\t\t\t\t<h2 class=\"elementor-heading-title elementor-size-default\">Sacr\u00e9e pagaille<\/h2>\t\t\t\t<\/div>\n\t\t\t\t\t<\/div>\n\t\t\t\t<\/div>\n\t\t<div class=\"elementor-element elementor-element-afbb266 e-flex e-con-boxed e-con e-parent\" data-id=\"afbb266\" data-element_type=\"container\" data-e-type=\"container\" data-settings=\"{&quot;background_background&quot;:&quot;classic&quot;}\">\n\t\t\t\t\t<div class=\"e-con-inner\">\n\t\t\t\t<div class=\"elementor-element elementor-element-8cfd640 elementor-widget elementor-widget-text-editor\" data-id=\"8cfd640\" data-element_type=\"widget\" data-e-type=\"widget\" data-widget_type=\"text-editor.default\">\n\t\t\t\t\t\t\t\t\t<p>Au ciel, une main autoritaire et toute-puissante impose \u00e0 tous les dieux d\u2019adorer son oeuvre, \u00ab La Pomme \u00bb. Jalous\u00e9e, la divine cr\u00e9ation finit par \u00eatre renvers\u00e9e de son pi\u00e9destal et dans sa chute, elle re-visite les histoires classiques. Adam et Eve, Newton et les autres n\u2019en sortiront pas indemnes. Un va-et-vient mouvement\u00e9 entre ciel et terre.<\/p><p>Sacr\u00e9e Pagaille inaugure\u00a0<em>La Valise \u00e0 S\u00e9raphin<\/em>, une valise-\u00e9cran l\u00e9g\u00e8re et facile \u00e0 transporter, con\u00e7ue par le marionnettiste pour y jouer plusieurs spectacles d\u2019ombres. Le choix du nom est un hommage \u00e0 Dominique S\u00e9raphin, grand ma\u00eetre du th\u00e9\u00e2tre d\u2019ombres en France \u00e0 la fin du XVIII.<\/p>\t\t\t\t\t\t\t\t<\/div>\n\t\t\t\t\t<\/div>\n\t\t\t\t<\/div>\n\t\t<div class=\"elementor-element elementor-element-138aac0 e-flex e-con-boxed e-con e-parent\" data-id=\"138aac0\" data-element_type=\"container\" data-e-type=\"container\" data-settings=\"{&quot;background_background&quot;:&quot;classic&quot;}\">\n\t\t\t\t\t<div class=\"e-con-inner\">\n\t\t\t\t<div class=\"elementor-element elementor-element-e4930c2 elementor-widget elementor-widget-text-editor\" data-id=\"e4930c2\" data-element_type=\"widget\" data-e-type=\"widget\" data-widget_type=\"text-editor.default\">\n\t\t\t\t\t\t\t\t\t<p><strong>Dur\u00e9e :<\/strong> 30 min<\/p><p><strong>Public :<\/strong>\u00a0 A partir de 5 ans<\/p><p><strong>Auteur, marionnettiste, scenographe :<\/strong> Paulo Ferreira<\/p><p><strong>Mise en sc\u00e8ne :<\/strong> Marcelle Maillet<\/p><p><strong>Musique :<\/strong> Jean Jadin, Evelyn Groynne, Pierre Qu\u00eeriny<\/p>\t\t\t\t\t\t\t\t<\/div>\n\t\t\t\t\t<\/div>\n\t\t\t\t<\/div>\n\t\t<div class=\"elementor-element elementor-element-181c65f e-grid e-con-boxed e-con e-parent\" data-id=\"181c65f\" data-element_type=\"container\" data-e-type=\"container\" data-settings=\"{&quot;background_background&quot;:&quot;classic&quot;}\">\n\t\t\t\t\t<div class=\"e-con-inner\">\n\t\t\t\t<div class=\"elementor-element elementor-element-7d0d474 elementor-widget elementor-widget-image\" data-id=\"7d0d474\" data-element_type=\"widget\" data-e-type=\"widget\" data-widget_type=\"image.default\">\n\t\t\t\t\t\t\t\t\t\t\t\t\t\t\t<img fetchpriority=\"high\" decoding=\"async\" width=\"1024\" height=\"775\" src=\"https:\/\/clairdelunetheatre.be\/wp-content\/uploads\/2026\/02\/Sacree-Pagaille-theatre-ombres-6-1024x775.jpeg\" class=\"attachment-large size-large wp-image-356\" alt=\"\" srcset=\"https:\/\/clairdelunetheatre.be\/wp-content\/uploads\/2026\/02\/Sacree-Pagaille-theatre-ombres-6-1024x775.jpeg 1024w, https:\/\/clairdelunetheatre.be\/wp-content\/uploads\/2026\/02\/Sacree-Pagaille-theatre-ombres-6-300x227.jpeg 300w, https:\/\/clairdelunetheatre.be\/wp-content\/uploads\/2026\/02\/Sacree-Pagaille-theatre-ombres-6-768x581.jpeg 768w, https:\/\/clairdelunetheatre.be\/wp-content\/uploads\/2026\/02\/Sacree-Pagaille-theatre-ombres-6-1536x1163.jpeg 1536w, https:\/\/clairdelunetheatre.be\/wp-content\/uploads\/2026\/02\/Sacree-Pagaille-theatre-ombres-6-2048x1550.jpeg 2048w\" sizes=\"(max-width: 1024px) 100vw, 1024px\" \/>\t\t\t\t\t\t\t\t\t\t\t\t\t\t\t<\/div>\n\t\t\t\t<div class=\"elementor-element elementor-element-314b821 elementor-widget elementor-widget-image\" data-id=\"314b821\" data-element_type=\"widget\" data-e-type=\"widget\" data-widget_type=\"image.default\">\n\t\t\t\t\t\t\t\t\t\t\t\t\t\t\t<img decoding=\"async\" width=\"1024\" height=\"785\" src=\"https:\/\/clairdelunetheatre.be\/wp-content\/uploads\/2026\/02\/Sacree-Pagaille-theatre-ombres-11-1024x785.jpeg\" class=\"attachment-large size-large wp-image-358\" alt=\"\" srcset=\"https:\/\/clairdelunetheatre.be\/wp-content\/uploads\/2026\/02\/Sacree-Pagaille-theatre-ombres-11-1024x785.jpeg 1024w, https:\/\/clairdelunetheatre.be\/wp-content\/uploads\/2026\/02\/Sacree-Pagaille-theatre-ombres-11-300x230.jpeg 300w, https:\/\/clairdelunetheatre.be\/wp-content\/uploads\/2026\/02\/Sacree-Pagaille-theatre-ombres-11-768x589.jpeg 768w, https:\/\/clairdelunetheatre.be\/wp-content\/uploads\/2026\/02\/Sacree-Pagaille-theatre-ombres-11-1536x1178.jpeg 1536w, https:\/\/clairdelunetheatre.be\/wp-content\/uploads\/2026\/02\/Sacree-Pagaille-theatre-ombres-11-2048x1571.jpeg 2048w\" sizes=\"(max-width: 1024px) 100vw, 1024px\" \/>\t\t\t\t\t\t\t\t\t\t\t\t\t\t\t<\/div>\n\t\t\t\t<div class=\"elementor-element elementor-element-8cb8ff1 elementor-widget elementor-widget-image\" data-id=\"8cb8ff1\" data-element_type=\"widget\" data-e-type=\"widget\" data-widget_type=\"image.default\">\n\t\t\t\t\t\t\t\t\t\t\t\t\t\t\t<img decoding=\"async\" width=\"1024\" height=\"774\" src=\"https:\/\/clairdelunetheatre.be\/wp-content\/uploads\/2026\/02\/Sacree-Pagaille-theatre-ombres-10-1024x774.jpeg\" class=\"attachment-large size-large wp-image-357\" alt=\"\" srcset=\"https:\/\/clairdelunetheatre.be\/wp-content\/uploads\/2026\/02\/Sacree-Pagaille-theatre-ombres-10-1024x774.jpeg 1024w, https:\/\/clairdelunetheatre.be\/wp-content\/uploads\/2026\/02\/Sacree-Pagaille-theatre-ombres-10-300x227.jpeg 300w, https:\/\/clairdelunetheatre.be\/wp-content\/uploads\/2026\/02\/Sacree-Pagaille-theatre-ombres-10-768x580.jpeg 768w, https:\/\/clairdelunetheatre.be\/wp-content\/uploads\/2026\/02\/Sacree-Pagaille-theatre-ombres-10-1536x1161.jpeg 1536w, https:\/\/clairdelunetheatre.be\/wp-content\/uploads\/2026\/02\/Sacree-Pagaille-theatre-ombres-10-2048x1547.jpeg 2048w\" sizes=\"(max-width: 1024px) 100vw, 1024px\" \/>\t\t\t\t\t\t\t\t\t\t\t\t\t\t\t<\/div>\n\t\t\t\t<div class=\"elementor-element elementor-element-35544d9 elementor-widget elementor-widget-image\" data-id=\"35544d9\" data-element_type=\"widget\" data-e-type=\"widget\" data-widget_type=\"image.default\">\n\t\t\t\t\t\t\t\t\t\t\t\t\t\t\t<img loading=\"lazy\" decoding=\"async\" width=\"1024\" height=\"683\" src=\"https:\/\/clairdelunetheatre.be\/wp-content\/uploads\/2026\/02\/Sacree-Pagaille-theatre-ombres-12-1024x683.jpeg\" class=\"attachment-large size-large wp-image-623\" alt=\"\" srcset=\"https:\/\/clairdelunetheatre.be\/wp-content\/uploads\/2026\/02\/Sacree-Pagaille-theatre-ombres-12-1024x683.jpeg 1024w, https:\/\/clairdelunetheatre.be\/wp-content\/uploads\/2026\/02\/Sacree-Pagaille-theatre-ombres-12-300x200.jpeg 300w, https:\/\/clairdelunetheatre.be\/wp-content\/uploads\/2026\/02\/Sacree-Pagaille-theatre-ombres-12-768x512.jpeg 768w, https:\/\/clairdelunetheatre.be\/wp-content\/uploads\/2026\/02\/Sacree-Pagaille-theatre-ombres-12-1536x1024.jpeg 1536w, https:\/\/clairdelunetheatre.be\/wp-content\/uploads\/2026\/02\/Sacree-Pagaille-theatre-ombres-12-2048x1365.jpeg 2048w\" sizes=\"(max-width: 1024px) 100vw, 1024px\" \/>\t\t\t\t\t\t\t\t\t\t\t\t\t\t\t<\/div>\n\t\t\t\t<div class=\"elementor-element elementor-element-13f9eed elementor-widget elementor-widget-image\" data-id=\"13f9eed\" data-element_type=\"widget\" data-e-type=\"widget\" data-widget_type=\"image.default\">\n\t\t\t\t\t\t\t\t\t\t\t\t\t\t\t<img loading=\"lazy\" decoding=\"async\" width=\"1024\" height=\"682\" src=\"https:\/\/clairdelunetheatre.be\/wp-content\/uploads\/2026\/02\/Valise-a-Seraphin-1024x682.jpg\" class=\"attachment-large size-large wp-image-624\" alt=\"\" srcset=\"https:\/\/clairdelunetheatre.be\/wp-content\/uploads\/2026\/02\/Valise-a-Seraphin-1024x682.jpg 1024w, https:\/\/clairdelunetheatre.be\/wp-content\/uploads\/2026\/02\/Valise-a-Seraphin-300x200.jpg 300w, https:\/\/clairdelunetheatre.be\/wp-content\/uploads\/2026\/02\/Valise-a-Seraphin-768x512.jpg 768w, https:\/\/clairdelunetheatre.be\/wp-content\/uploads\/2026\/02\/Valise-a-Seraphin.jpg 1403w\" sizes=\"(max-width: 1024px) 100vw, 1024px\" \/>\t\t\t\t\t\t\t\t\t\t\t\t\t\t\t<\/div>\n\t\t\t\t<div class=\"elementor-element elementor-element-652fc11 elementor-widget elementor-widget-image\" data-id=\"652fc11\" data-element_type=\"widget\" data-e-type=\"widget\" data-widget_type=\"image.default\">\n\t\t\t\t\t\t\t\t\t\t\t\t\t\t\t<img loading=\"lazy\" decoding=\"async\" width=\"1024\" height=\"683\" src=\"https:\/\/clairdelunetheatre.be\/wp-content\/uploads\/2026\/02\/Sacree-Pagaille-theatre-ombres-1-1024x683.jpeg\" class=\"attachment-large size-large wp-image-627\" alt=\"\" srcset=\"https:\/\/clairdelunetheatre.be\/wp-content\/uploads\/2026\/02\/Sacree-Pagaille-theatre-ombres-1-1024x683.jpeg 1024w, https:\/\/clairdelunetheatre.be\/wp-content\/uploads\/2026\/02\/Sacree-Pagaille-theatre-ombres-1-300x200.jpeg 300w, https:\/\/clairdelunetheatre.be\/wp-content\/uploads\/2026\/02\/Sacree-Pagaille-theatre-ombres-1-768x512.jpeg 768w, https:\/\/clairdelunetheatre.be\/wp-content\/uploads\/2026\/02\/Sacree-Pagaille-theatre-ombres-1-1536x1024.jpeg 1536w, https:\/\/clairdelunetheatre.be\/wp-content\/uploads\/2026\/02\/Sacree-Pagaille-theatre-ombres-1-2048x1365.jpeg 2048w\" sizes=\"(max-width: 1024px) 100vw, 1024px\" \/>\t\t\t\t\t\t\t\t\t\t\t\t\t\t\t<\/div>\n\t\t\t\t\t<\/div>\n\t\t\t\t<\/div>\n\t\t<div class=\"elementor-element elementor-element-0ca7738 e-flex e-con-boxed e-con e-parent\" data-id=\"0ca7738\" data-element_type=\"container\" data-e-type=\"container\" data-settings=\"{&quot;background_background&quot;:&quot;classic&quot;}\">\n\t\t\t\t\t<div class=\"e-con-inner\">\n\t\t\t\t<div class=\"elementor-element elementor-element-4260460 elementor-widget elementor-widget-video\" data-id=\"4260460\" data-element_type=\"widget\" data-e-type=\"widget\" data-settings=\"{&quot;youtube_url&quot;:&quot;https:\\\/\\\/www.youtube.com\\\/watch?v=D5LR8nPvbiE&quot;,&quot;video_type&quot;:&quot;youtube&quot;,&quot;controls&quot;:&quot;yes&quot;}\" data-widget_type=\"video.default\">\n\t\t\t\t\t\t\t<div class=\"elementor-wrapper elementor-open-inline\">\n\t\t\t<div class=\"elementor-video\"><\/div>\t\t<\/div>\n\t\t\t\t\t\t<\/div>\n\t\t\t\t\t<\/div>\n\t\t\t\t<\/div>\n\t\t<div class=\"elementor-element elementor-element-985bdaa e-flex e-con-boxed e-con e-parent\" data-id=\"985bdaa\" data-element_type=\"container\" data-e-type=\"container\">\n\t\t\t\t\t<div class=\"e-con-inner\">\n\t\t\t\t<div class=\"elementor-element elementor-element-3b7b1d9 elementor-align-center elementor-widget elementor-widget-button\" data-id=\"3b7b1d9\" data-element_type=\"widget\" data-e-type=\"widget\" data-widget_type=\"button.default\">\n\t\t\t\t\t\t\t\t\t\t<a class=\"elementor-button elementor-button-link elementor-size-sm elementor-animation-shrink\" href=\"http:\/\/chantier.clairdelunetheatre.be\/wp-content\/uploads\/2026\/02\/Sacree-Pagaille_Fiche-Technique.pdf\" target=\"_blank\">\n\t\t\t\t\t\t<span class=\"elementor-button-content-wrapper\">\n\t\t\t\t\t\t\t\t\t<span class=\"elementor-button-text\">Fiche technique<\/span>\n\t\t\t\t\t<\/span>\n\t\t\t\t\t<\/a>\n\t\t\t\t\t\t\t\t<\/div>\n\t\t\t\t\t<\/div>\n\t\t\t\t<\/div>\n\t\t\t\t<\/div>\n\t\t","protected":false},"excerpt":{"rendered":"<p>Sacr\u00e9e pagaille Au ciel, une main autoritaire et toute-puissante impose \u00e0 tous les dieux d\u2019adorer son oeuvre, \u00ab La Pomme [&hellip;]<\/p>\n","protected":false},"author":1,"featured_media":0,"parent":0,"menu_order":0,"comment_status":"closed","ping_status":"closed","template":"","meta":{"site-sidebar-layout":"no-sidebar","site-content-layout":"","ast-site-content-layout":"full-width-container","site-content-style":"default","site-sidebar-style":"default","ast-global-header-display":"","ast-banner-title-visibility":"","ast-main-header-display":"","ast-hfb-above-header-display":"","ast-hfb-below-header-display":"","ast-hfb-mobile-header-display":"","site-post-title":"disabled","ast-breadcrumbs-content":"","ast-featured-img":"disabled","footer-sml-layout":"","ast-disable-related-posts":"","theme-transparent-header-meta":"","adv-header-id-meta":"","stick-header-meta":"","header-above-stick-meta":"","header-main-stick-meta":"","header-below-stick-meta":"","astra-migrate-meta-layouts":"default","ast-page-background-enabled":"default","ast-page-background-meta":{"desktop":{"background-color":"var(--ast-global-color-5)","background-image":"","background-repeat":"repeat","background-position":"center center","background-size":"auto","background-attachment":"scroll","background-type":"","background-media":"","overlay-type":"","overlay-color":"","overlay-opacity":"","overlay-gradient":""},"tablet":{"background-color":"","background-image":"","background-repeat":"repeat","background-position":"center center","background-size":"auto","background-attachment":"scroll","background-type":"","background-media":"","overlay-type":"","overlay-color":"","overlay-opacity":"","overlay-gradient":""},"mobile":{"background-color":"","background-image":"","background-repeat":"repeat","background-position":"center center","background-size":"auto","background-attachment":"scroll","background-type":"","background-media":"","overlay-type":"","overlay-color":"","overlay-opacity":"","overlay-gradient":""}},"ast-content-background-meta":{"desktop":{"background-color":"var(--ast-global-color-4)","background-image":"","background-repeat":"repeat","background-position":"center center","background-size":"auto","background-attachment":"scroll","background-type":"","background-media":"","overlay-type":"","overlay-color":"","overlay-opacity":"","overlay-gradient":""},"tablet":{"background-color":"var(--ast-global-color-4)","background-image":"","background-repeat":"repeat","background-position":"center center","background-size":"auto","background-attachment":"scroll","background-type":"","background-media":"","overlay-type":"","overlay-color":"","overlay-opacity":"","overlay-gradient":""},"mobile":{"background-color":"var(--ast-global-color-4)","background-image":"","background-repeat":"repeat","background-position":"center center","background-size":"auto","background-attachment":"scroll","background-type":"","background-media":"","overlay-type":"","overlay-color":"","overlay-opacity":"","overlay-gradient":""}},"footnotes":""},"class_list":["post-42","page","type-page","status-publish","hentry"],"_links":{"self":[{"href":"https:\/\/clairdelunetheatre.be\/index.php\/wp-json\/wp\/v2\/pages\/42","targetHints":{"allow":["GET"]}}],"collection":[{"href":"https:\/\/clairdelunetheatre.be\/index.php\/wp-json\/wp\/v2\/pages"}],"about":[{"href":"https:\/\/clairdelunetheatre.be\/index.php\/wp-json\/wp\/v2\/types\/page"}],"author":[{"embeddable":true,"href":"https:\/\/clairdelunetheatre.be\/index.php\/wp-json\/wp\/v2\/users\/1"}],"replies":[{"embeddable":true,"href":"https:\/\/clairdelunetheatre.be\/index.php\/wp-json\/wp\/v2\/comments?post=42"}],"version-history":[{"count":65,"href":"https:\/\/clairdelunetheatre.be\/index.php\/wp-json\/wp\/v2\/pages\/42\/revisions"}],"predecessor-version":[{"id":1328,"href":"https:\/\/clairdelunetheatre.be\/index.php\/wp-json\/wp\/v2\/pages\/42\/revisions\/1328"}],"wp:attachment":[{"href":"https:\/\/clairdelunetheatre.be\/index.php\/wp-json\/wp\/v2\/media?parent=42"}],"curies":[{"name":"wp","href":"https:\/\/api.w.org\/{rel}","templated":true}]}}