{"id":44,"date":"2026-02-09T21:51:08","date_gmt":"2026-02-09T21:51:08","guid":{"rendered":"https:\/\/chantier.clairdelunetheatre.be\/?page_id=44"},"modified":"2026-02-21T13:31:30","modified_gmt":"2026-02-21T13:31:30","slug":"petite-histoire-mordante","status":"publish","type":"page","link":"https:\/\/clairdelunetheatre.be\/index.php\/petite-histoire-mordante\/","title":{"rendered":"Petite histoire mordante"},"content":{"rendered":"\t\t<div data-elementor-type=\"wp-page\" data-elementor-id=\"44\" class=\"elementor elementor-44\">\n\t\t\t\t<div class=\"elementor-element elementor-element-f712cb5 e-flex e-con-boxed e-con e-parent\" data-id=\"f712cb5\" data-element_type=\"container\" data-e-type=\"container\" data-settings=\"{&quot;background_background&quot;:&quot;classic&quot;}\">\n\t\t\t\t\t<div class=\"e-con-inner\">\n\t\t\t\t<div class=\"elementor-element elementor-element-6da81dd elementor-widget elementor-widget-heading\" data-id=\"6da81dd\" data-element_type=\"widget\" data-e-type=\"widget\" data-widget_type=\"heading.default\">\n\t\t\t\t\t<h2 class=\"elementor-heading-title elementor-size-default\">Petite histoire mordante<\/h2>\t\t\t\t<\/div>\n\t\t\t\t\t<\/div>\n\t\t\t\t<\/div>\n\t\t<div class=\"elementor-element elementor-element-fc5d55d e-flex e-con-boxed e-con e-parent\" data-id=\"fc5d55d\" data-element_type=\"container\" data-e-type=\"container\" data-settings=\"{&quot;background_background&quot;:&quot;classic&quot;}\">\n\t\t\t\t\t<div class=\"e-con-inner\">\n\t\t\t\t<div class=\"elementor-element elementor-element-264ba14 elementor-widget elementor-widget-text-editor\" data-id=\"264ba14\" data-element_type=\"widget\" data-e-type=\"widget\" data-widget_type=\"text-editor.default\">\n\t\t\t\t\t\t\t\t\t<p>Quand la soumission d\u00e9bouche sur la maltraitance, quand l&#8217;ob\u00e9issance suscite les abus de pouvoir, quand la d\u00e9pendance banalise l&#8217;injustice&#8230; Il faut avoir du chien pour r\u00e9ussir dans ce monde cruel. Gr\u00e2ce \u00e0 une amiti\u00e9 f\u00e9roce, Billy le chien ne baisse jamais les pattes.<\/p>\t\t\t\t\t\t\t\t<\/div>\n\t\t\t\t\t<\/div>\n\t\t\t\t<\/div>\n\t\t<div class=\"elementor-element elementor-element-a324ee0 e-flex e-con-boxed e-con e-parent\" data-id=\"a324ee0\" data-element_type=\"container\" data-e-type=\"container\" data-settings=\"{&quot;background_background&quot;:&quot;classic&quot;}\">\n\t\t\t\t\t<div class=\"e-con-inner\">\n\t\t\t\t<div class=\"elementor-element elementor-element-9f20199 elementor-widget elementor-widget-text-editor\" data-id=\"9f20199\" data-element_type=\"widget\" data-e-type=\"widget\" data-widget_type=\"text-editor.default\">\n\t\t\t\t\t\t\t\t\t<p><strong>Dur\u00e9e :<\/strong> 30 min<\/p><p><strong>Public :<\/strong> A partir de 7 ans<\/p><p><strong>Com\u00e9diens, marionnettistes :<\/strong> Paulo Ferreira, Miriam Vender<\/p><p><strong>Ecriture :<\/strong> Paulo Ferreira, Francy Begasse<\/p><p><strong>Mise en sc\u00e8ne :<\/strong> Francy Begasse<\/p><p><strong>Musique :<\/strong> Jean Jadin (piano), Evelyn Groynne (Ondes Martenot), Pierre Qu\u00eeriny (Marimbas), Natacha Save (contrebasse)<\/p><p><strong>Sc\u00e9nographie :\u00a0<\/strong>Jean Louyeste, Paulo Ferreira<\/p><p><strong>Construction marionnettes :<\/strong> Paulo Ferreira, Mathieux Chartier<\/p><p><strong>Costumes :<\/strong>\u00a0 Marie H\u00e9l\u00e8ne Tromme<\/p>\t\t\t\t\t\t\t\t<\/div>\n\t\t\t\t\t<\/div>\n\t\t\t\t<\/div>\n\t\t<div class=\"elementor-element elementor-element-9f4332b e-grid e-con-boxed e-con e-parent\" data-id=\"9f4332b\" data-element_type=\"container\" data-e-type=\"container\" data-settings=\"{&quot;background_background&quot;:&quot;classic&quot;}\">\n\t\t\t\t\t<div class=\"e-con-inner\">\n\t\t\t\t<div class=\"elementor-element elementor-element-413a13c elementor-widget elementor-widget-image\" data-id=\"413a13c\" data-element_type=\"widget\" data-e-type=\"widget\" data-widget_type=\"image.default\">\n\t\t\t\t\t\t\t\t\t\t\t\t\t\t\t<img fetchpriority=\"high\" decoding=\"async\" width=\"1024\" height=\"683\" src=\"https:\/\/clairdelunetheatre.be\/wp-content\/uploads\/2026\/02\/2024-04-24-Theatre-0365-Final-1024x683.jpg\" class=\"attachment-large size-large wp-image-660\" alt=\"\" srcset=\"https:\/\/clairdelunetheatre.be\/wp-content\/uploads\/2026\/02\/2024-04-24-Theatre-0365-Final-1024x683.jpg 1024w, https:\/\/clairdelunetheatre.be\/wp-content\/uploads\/2026\/02\/2024-04-24-Theatre-0365-Final-300x200.jpg 300w, https:\/\/clairdelunetheatre.be\/wp-content\/uploads\/2026\/02\/2024-04-24-Theatre-0365-Final-768x512.jpg 768w, https:\/\/clairdelunetheatre.be\/wp-content\/uploads\/2026\/02\/2024-04-24-Theatre-0365-Final-1536x1024.jpg 1536w, https:\/\/clairdelunetheatre.be\/wp-content\/uploads\/2026\/02\/2024-04-24-Theatre-0365-Final-2048x1365.jpg 2048w\" sizes=\"(max-width: 1024px) 100vw, 1024px\" \/>\t\t\t\t\t\t\t\t\t\t\t\t\t\t\t<\/div>\n\t\t\t\t<div class=\"elementor-element elementor-element-886a142 elementor-widget elementor-widget-image\" data-id=\"886a142\" data-element_type=\"widget\" data-e-type=\"widget\" data-widget_type=\"image.default\">\n\t\t\t\t\t\t\t\t\t\t\t\t\t\t\t<img decoding=\"async\" width=\"1024\" height=\"683\" src=\"https:\/\/clairdelunetheatre.be\/wp-content\/uploads\/2026\/02\/2024-04-24-Theatre-0304-1024x683.jpg\" class=\"attachment-large size-large wp-image-661\" alt=\"\" srcset=\"https:\/\/clairdelunetheatre.be\/wp-content\/uploads\/2026\/02\/2024-04-24-Theatre-0304-1024x683.jpg 1024w, https:\/\/clairdelunetheatre.be\/wp-content\/uploads\/2026\/02\/2024-04-24-Theatre-0304-300x200.jpg 300w, https:\/\/clairdelunetheatre.be\/wp-content\/uploads\/2026\/02\/2024-04-24-Theatre-0304-768x512.jpg 768w, https:\/\/clairdelunetheatre.be\/wp-content\/uploads\/2026\/02\/2024-04-24-Theatre-0304-1536x1024.jpg 1536w, https:\/\/clairdelunetheatre.be\/wp-content\/uploads\/2026\/02\/2024-04-24-Theatre-0304-2048x1365.jpg 2048w\" sizes=\"(max-width: 1024px) 100vw, 1024px\" \/>\t\t\t\t\t\t\t\t\t\t\t\t\t\t\t<\/div>\n\t\t\t\t<div class=\"elementor-element elementor-element-57897b9 elementor-widget elementor-widget-image\" data-id=\"57897b9\" data-element_type=\"widget\" data-e-type=\"widget\" data-widget_type=\"image.default\">\n\t\t\t\t\t\t\t\t\t\t\t\t\t\t\t<img decoding=\"async\" width=\"1024\" height=\"683\" src=\"https:\/\/clairdelunetheatre.be\/wp-content\/uploads\/2026\/02\/2024-04-24-Theatre-0234-1024x683.jpg\" class=\"attachment-large size-large wp-image-662\" alt=\"\" srcset=\"https:\/\/clairdelunetheatre.be\/wp-content\/uploads\/2026\/02\/2024-04-24-Theatre-0234-1024x683.jpg 1024w, https:\/\/clairdelunetheatre.be\/wp-content\/uploads\/2026\/02\/2024-04-24-Theatre-0234-300x200.jpg 300w, https:\/\/clairdelunetheatre.be\/wp-content\/uploads\/2026\/02\/2024-04-24-Theatre-0234-768x512.jpg 768w, https:\/\/clairdelunetheatre.be\/wp-content\/uploads\/2026\/02\/2024-04-24-Theatre-0234-1536x1024.jpg 1536w, https:\/\/clairdelunetheatre.be\/wp-content\/uploads\/2026\/02\/2024-04-24-Theatre-0234-2048x1365.jpg 2048w\" sizes=\"(max-width: 1024px) 100vw, 1024px\" \/>\t\t\t\t\t\t\t\t\t\t\t\t\t\t\t<\/div>\n\t\t\t\t<div class=\"elementor-element elementor-element-88b9706 elementor-widget elementor-widget-image\" data-id=\"88b9706\" data-element_type=\"widget\" data-e-type=\"widget\" data-widget_type=\"image.default\">\n\t\t\t\t\t\t\t\t\t\t\t\t\t\t\t<img loading=\"lazy\" decoding=\"async\" width=\"1024\" height=\"683\" src=\"https:\/\/clairdelunetheatre.be\/wp-content\/uploads\/2026\/02\/2024-04-24-Theatre-0224-1024x683.jpg\" class=\"attachment-large size-large wp-image-665\" alt=\"\" srcset=\"https:\/\/clairdelunetheatre.be\/wp-content\/uploads\/2026\/02\/2024-04-24-Theatre-0224-1024x683.jpg 1024w, https:\/\/clairdelunetheatre.be\/wp-content\/uploads\/2026\/02\/2024-04-24-Theatre-0224-300x200.jpg 300w, https:\/\/clairdelunetheatre.be\/wp-content\/uploads\/2026\/02\/2024-04-24-Theatre-0224-768x512.jpg 768w, https:\/\/clairdelunetheatre.be\/wp-content\/uploads\/2026\/02\/2024-04-24-Theatre-0224-1536x1024.jpg 1536w, https:\/\/clairdelunetheatre.be\/wp-content\/uploads\/2026\/02\/2024-04-24-Theatre-0224-2048x1365.jpg 2048w\" sizes=\"(max-width: 1024px) 100vw, 1024px\" \/>\t\t\t\t\t\t\t\t\t\t\t\t\t\t\t<\/div>\n\t\t\t\t<div class=\"elementor-element elementor-element-b8e7ef0 elementor-widget elementor-widget-image\" data-id=\"b8e7ef0\" data-element_type=\"widget\" data-e-type=\"widget\" data-widget_type=\"image.default\">\n\t\t\t\t\t\t\t\t\t\t\t\t\t\t\t<img loading=\"lazy\" decoding=\"async\" width=\"1024\" height=\"683\" src=\"https:\/\/clairdelunetheatre.be\/wp-content\/uploads\/2026\/02\/2024-04-24-Theatre-0185-Final-1024x683.jpg\" class=\"attachment-large size-large wp-image-664\" alt=\"\" srcset=\"https:\/\/clairdelunetheatre.be\/wp-content\/uploads\/2026\/02\/2024-04-24-Theatre-0185-Final-1024x683.jpg 1024w, https:\/\/clairdelunetheatre.be\/wp-content\/uploads\/2026\/02\/2024-04-24-Theatre-0185-Final-300x200.jpg 300w, https:\/\/clairdelunetheatre.be\/wp-content\/uploads\/2026\/02\/2024-04-24-Theatre-0185-Final-768x512.jpg 768w, https:\/\/clairdelunetheatre.be\/wp-content\/uploads\/2026\/02\/2024-04-24-Theatre-0185-Final-1536x1024.jpg 1536w, https:\/\/clairdelunetheatre.be\/wp-content\/uploads\/2026\/02\/2024-04-24-Theatre-0185-Final-2048x1365.jpg 2048w\" sizes=\"(max-width: 1024px) 100vw, 1024px\" \/>\t\t\t\t\t\t\t\t\t\t\t\t\t\t\t<\/div>\n\t\t\t\t<div class=\"elementor-element elementor-element-6f217c8 elementor-widget elementor-widget-image\" data-id=\"6f217c8\" data-element_type=\"widget\" data-e-type=\"widget\" data-widget_type=\"image.default\">\n\t\t\t\t\t\t\t\t\t\t\t\t\t\t\t<img loading=\"lazy\" decoding=\"async\" width=\"1024\" height=\"683\" src=\"https:\/\/clairdelunetheatre.be\/wp-content\/uploads\/2026\/02\/2024-04-24-Theatre-0251-Final-1024x683.jpg\" class=\"attachment-large size-large wp-image-667\" alt=\"\" srcset=\"https:\/\/clairdelunetheatre.be\/wp-content\/uploads\/2026\/02\/2024-04-24-Theatre-0251-Final-1024x683.jpg 1024w, https:\/\/clairdelunetheatre.be\/wp-content\/uploads\/2026\/02\/2024-04-24-Theatre-0251-Final-300x200.jpg 300w, https:\/\/clairdelunetheatre.be\/wp-content\/uploads\/2026\/02\/2024-04-24-Theatre-0251-Final-768x512.jpg 768w, https:\/\/clairdelunetheatre.be\/wp-content\/uploads\/2026\/02\/2024-04-24-Theatre-0251-Final-1536x1024.jpg 1536w, https:\/\/clairdelunetheatre.be\/wp-content\/uploads\/2026\/02\/2024-04-24-Theatre-0251-Final-2048x1365.jpg 2048w\" sizes=\"(max-width: 1024px) 100vw, 1024px\" \/>\t\t\t\t\t\t\t\t\t\t\t\t\t\t\t<\/div>\n\t\t\t\t\t<\/div>\n\t\t\t\t<\/div>\n\t\t<div class=\"elementor-element elementor-element-2276c3b e-flex e-con-boxed e-con e-parent\" data-id=\"2276c3b\" data-element_type=\"container\" data-e-type=\"container\">\n\t\t\t\t\t<div class=\"e-con-inner\">\n\t\t\t\t<div class=\"elementor-element elementor-element-c10887c elementor-align-center elementor-widget elementor-widget-button\" data-id=\"c10887c\" data-element_type=\"widget\" data-e-type=\"widget\" data-widget_type=\"button.default\">\n\t\t\t\t\t\t\t\t\t\t<a class=\"elementor-button elementor-button-link elementor-size-sm elementor-animation-shrink\" href=\"https:\/\/clairdelunetheatre.be\/wp-content\/uploads\/2026\/02\/PHM_infos_photos.zip\" target=\"_blank\">\n\t\t\t\t\t\t<span class=\"elementor-button-content-wrapper\">\n\t\t\t\t\t\t\t\t\t<span class=\"elementor-button-text\">Fiche technique et autres<\/span>\n\t\t\t\t\t<\/span>\n\t\t\t\t\t<\/a>\n\t\t\t\t\t\t\t\t<\/div>\n\t\t\t\t\t<\/div>\n\t\t\t\t<\/div>\n\t\t\t\t<\/div>\n\t\t","protected":false},"excerpt":{"rendered":"<p>Petite histoire mordante Quand la soumission d\u00e9bouche sur la maltraitance, quand l&#8217;ob\u00e9issance suscite les abus de pouvoir, quand la d\u00e9pendance [&hellip;]<\/p>\n","protected":false},"author":1,"featured_media":0,"parent":0,"menu_order":0,"comment_status":"closed","ping_status":"closed","template":"","meta":{"site-sidebar-layout":"no-sidebar","site-content-layout":"","ast-site-content-layout":"full-width-container","site-content-style":"default","site-sidebar-style":"default","ast-global-header-display":"","ast-banner-title-visibility":"","ast-main-header-display":"","ast-hfb-above-header-display":"","ast-hfb-below-header-display":"","ast-hfb-mobile-header-display":"","site-post-title":"disabled","ast-breadcrumbs-content":"","ast-featured-img":"disabled","footer-sml-layout":"","ast-disable-related-posts":"","theme-transparent-header-meta":"","adv-header-id-meta":"","stick-header-meta":"","header-above-stick-meta":"","header-main-stick-meta":"","header-below-stick-meta":"","astra-migrate-meta-layouts":"default","ast-page-background-enabled":"default","ast-page-background-meta":{"desktop":{"background-color":"var(--ast-global-color-5)","background-image":"","background-repeat":"repeat","background-position":"center center","background-size":"auto","background-attachment":"scroll","background-type":"","background-media":"","overlay-type":"","overlay-color":"","overlay-opacity":"","overlay-gradient":""},"tablet":{"background-color":"","background-image":"","background-repeat":"repeat","background-position":"center center","background-size":"auto","background-attachment":"scroll","background-type":"","background-media":"","overlay-type":"","overlay-color":"","overlay-opacity":"","overlay-gradient":""},"mobile":{"background-color":"","background-image":"","background-repeat":"repeat","background-position":"center center","background-size":"auto","background-attachment":"scroll","background-type":"","background-media":"","overlay-type":"","overlay-color":"","overlay-opacity":"","overlay-gradient":""}},"ast-content-background-meta":{"desktop":{"background-color":"var(--ast-global-color-4)","background-image":"","background-repeat":"repeat","background-position":"center center","background-size":"auto","background-attachment":"scroll","background-type":"","background-media":"","overlay-type":"","overlay-color":"","overlay-opacity":"","overlay-gradient":""},"tablet":{"background-color":"var(--ast-global-color-4)","background-image":"","background-repeat":"repeat","background-position":"center center","background-size":"auto","background-attachment":"scroll","background-type":"","background-media":"","overlay-type":"","overlay-color":"","overlay-opacity":"","overlay-gradient":""},"mobile":{"background-color":"var(--ast-global-color-4)","background-image":"","background-repeat":"repeat","background-position":"center center","background-size":"auto","background-attachment":"scroll","background-type":"","background-media":"","overlay-type":"","overlay-color":"","overlay-opacity":"","overlay-gradient":""}},"footnotes":""},"class_list":["post-44","page","type-page","status-publish","hentry"],"_links":{"self":[{"href":"https:\/\/clairdelunetheatre.be\/index.php\/wp-json\/wp\/v2\/pages\/44","targetHints":{"allow":["GET"]}}],"collection":[{"href":"https:\/\/clairdelunetheatre.be\/index.php\/wp-json\/wp\/v2\/pages"}],"about":[{"href":"https:\/\/clairdelunetheatre.be\/index.php\/wp-json\/wp\/v2\/types\/page"}],"author":[{"embeddable":true,"href":"https:\/\/clairdelunetheatre.be\/index.php\/wp-json\/wp\/v2\/users\/1"}],"replies":[{"embeddable":true,"href":"https:\/\/clairdelunetheatre.be\/index.php\/wp-json\/wp\/v2\/comments?post=44"}],"version-history":[{"count":65,"href":"https:\/\/clairdelunetheatre.be\/index.php\/wp-json\/wp\/v2\/pages\/44\/revisions"}],"predecessor-version":[{"id":1793,"href":"https:\/\/clairdelunetheatre.be\/index.php\/wp-json\/wp\/v2\/pages\/44\/revisions\/1793"}],"wp:attachment":[{"href":"https:\/\/clairdelunetheatre.be\/index.php\/wp-json\/wp\/v2\/media?parent=44"}],"curies":[{"name":"wp","href":"https:\/\/api.w.org\/{rel}","templated":true}]}}