{"id":46,"date":"2026-02-09T21:51:43","date_gmt":"2026-02-09T21:51:43","guid":{"rendered":"https:\/\/chantier.clairdelunetheatre.be\/?page_id=46"},"modified":"2026-02-20T19:20:14","modified_gmt":"2026-02-20T19:20:14","slug":"orguishibai","status":"publish","type":"page","link":"https:\/\/clairdelunetheatre.be\/index.php\/orguishibai\/","title":{"rendered":"Orguishibai"},"content":{"rendered":"\t\t<div data-elementor-type=\"wp-page\" data-elementor-id=\"46\" class=\"elementor elementor-46\">\n\t\t\t\t<div class=\"elementor-element elementor-element-9e772fa e-flex e-con-boxed e-con e-parent\" data-id=\"9e772fa\" data-element_type=\"container\" data-e-type=\"container\" data-settings=\"{&quot;background_background&quot;:&quot;classic&quot;}\">\n\t\t\t\t\t<div class=\"e-con-inner\">\n\t\t\t\t<div class=\"elementor-element elementor-element-5b5e206 elementor-widget elementor-widget-heading\" data-id=\"5b5e206\" data-element_type=\"widget\" data-e-type=\"widget\" data-widget_type=\"heading.default\">\n\t\t\t\t\t<h2 class=\"elementor-heading-title elementor-size-default\">Orguishibai<\/h2>\t\t\t\t<\/div>\n\t\t\t\t\t<\/div>\n\t\t\t\t<\/div>\n\t\t<div class=\"elementor-element elementor-element-660bfa3 e-flex e-con-boxed e-con e-parent\" data-id=\"660bfa3\" data-element_type=\"container\" data-e-type=\"container\" data-settings=\"{&quot;background_background&quot;:&quot;classic&quot;}\">\n\t\t\t\t\t<div class=\"e-con-inner\">\n\t\t\t\t<div class=\"elementor-element elementor-element-6153aa7 elementor-widget elementor-widget-text-editor\" data-id=\"6153aa7\" data-element_type=\"widget\" data-e-type=\"widget\" data-widget_type=\"text-editor.default\">\n\t\t\t\t\t\t\t\t\t<p id=\"m_-5605548964386859943gmail-docs-internal-guid-2a9bbac9-7fff-473f-b35b-64ed59312fd4\" dir=\"ltr\">\u00ab Ceci n\u2019est pas une mouche \u00bb est une courte forme visuelle musicale et d\u00e9brid\u00e9e, jou\u00e9e dans un dispositif inspir\u00e9 du kamishiba\u00ef japonais, l\u2019Orguishibai.\u00a0<\/p><p dir=\"ltr\">Images en mouvement, musique m\u00e9canique, rythme entra\u00eenant : le spectacle raconte une joyeuse catastrophe o\u00f9 le chaos devient jeu, o\u00f9 le d\u00e9sordre amuse, surprend et rassemble, dans une proximit\u00e9 directe avec le public. Dans l\u2019Orguishibai, il n\u2019y a pas de grandes sc\u00e8nes ni d\u2019\u00e9crans lumineux. Il y a un orgue de barbarie, la musique et vingt m\u00e8tres de dessins qui d\u00e9filent, et racontent\u00a0 l\u2019histoire d\u2019une mouche, qui n\u2019en est pas une.<\/p><p dir=\"ltr\">\u00a0<\/p><p dir=\"ltr\">\u00a0\u00ab Ceci n\u2019est pas une mouche \u00bb. C\u2019est une pens\u00e9e qu\u2019on ne parvient pas \u00e0 chasser, un \u00e9clair, un moment dr\u00f4le et po\u00e9tique, Elle traverse les fronti\u00e8res, ignore les portes, se moque des moustiquaires et d\u00e9fie les tapettes.\u00a0 Elle bourdonne l\u00e0 o\u00f9 tout est trop calme, elle d\u00e9range l\u00e0 o\u00f9 tout est trop rang\u00e9. Elle vient mettre de l\u2019ambiance dans un monde trop s\u00e9rieux<\/p>\t\t\t\t\t\t\t\t<\/div>\n\t\t\t\t<div class=\"elementor-element elementor-element-5cb42a2 elementor-widget elementor-widget-text-editor\" data-id=\"5cb42a2\" data-element_type=\"widget\" data-e-type=\"widget\" data-widget_type=\"text-editor.default\">\n\t\t\t\t\t\t\t\t\t<p><strong>Dur\u00e9e :<\/strong> 10 min<\/p><p><strong>Public :\u00a0<\/strong>A partir de 5 ans<\/p><p><strong>Ecriture et dessin :<\/strong> Paulo Ferreira<\/p><p><strong>Regard ext\u00e9rieur :<\/strong> H\u00e9l\u00e8ne Pir\u00e8nne, Mich\u00e8le Nguyen, Marcelle Maillet<\/p><p><strong>Musique :\u00a0<\/strong>Jean Jadin<\/p><p><strong>Sc\u00e9nographie :<\/strong> Elise Dethier<\/p><p><strong>Facteur d&#8217;orgue et m\u00e9canisme :\u00a0<\/strong>Benoit Paulis (Pauliphonic)<\/p><p>Avec le soutien de Espace Marionnettes de Tubize<\/p>\t\t\t\t\t\t\t\t<\/div>\n\t\t\t\t\t<\/div>\n\t\t\t\t<\/div>\n\t\t<div class=\"elementor-element elementor-element-9f0b8a3 e-grid e-con-boxed e-con e-parent\" data-id=\"9f0b8a3\" data-element_type=\"container\" data-e-type=\"container\" data-settings=\"{&quot;background_background&quot;:&quot;classic&quot;}\">\n\t\t\t\t\t<div class=\"e-con-inner\">\n\t\t\t\t<div class=\"elementor-element elementor-element-637b643 elementor-widget elementor-widget-image\" data-id=\"637b643\" data-element_type=\"widget\" data-e-type=\"widget\" data-widget_type=\"image.default\">\n\t\t\t\t\t\t\t\t\t\t\t\t\t\t\t<img fetchpriority=\"high\" decoding=\"async\" width=\"1024\" height=\"683\" src=\"https:\/\/clairdelunetheatre.be\/wp-content\/uploads\/2026\/02\/IMG_1830_modif-1024x683.jpg\" class=\"attachment-large size-large wp-image-638\" alt=\"\" srcset=\"https:\/\/clairdelunetheatre.be\/wp-content\/uploads\/2026\/02\/IMG_1830_modif-1024x683.jpg 1024w, https:\/\/clairdelunetheatre.be\/wp-content\/uploads\/2026\/02\/IMG_1830_modif-300x200.jpg 300w, https:\/\/clairdelunetheatre.be\/wp-content\/uploads\/2026\/02\/IMG_1830_modif-768x512.jpg 768w, https:\/\/clairdelunetheatre.be\/wp-content\/uploads\/2026\/02\/IMG_1830_modif-1536x1024.jpg 1536w, https:\/\/clairdelunetheatre.be\/wp-content\/uploads\/2026\/02\/IMG_1830_modif-2048x1365.jpg 2048w\" sizes=\"(max-width: 1024px) 100vw, 1024px\" \/>\t\t\t\t\t\t\t\t\t\t\t\t\t\t\t<\/div>\n\t\t\t\t<div class=\"elementor-element elementor-element-4fd9745 elementor-widget elementor-widget-image\" data-id=\"4fd9745\" data-element_type=\"widget\" data-e-type=\"widget\" data-widget_type=\"image.default\">\n\t\t\t\t\t\t\t\t\t\t\t\t\t\t\t<img decoding=\"async\" width=\"1024\" height=\"683\" src=\"https:\/\/clairdelunetheatre.be\/wp-content\/uploads\/2026\/02\/IMG_1609_modif-1024x683.jpg\" class=\"attachment-large size-large wp-image-644\" alt=\"\" srcset=\"https:\/\/clairdelunetheatre.be\/wp-content\/uploads\/2026\/02\/IMG_1609_modif-1024x683.jpg 1024w, https:\/\/clairdelunetheatre.be\/wp-content\/uploads\/2026\/02\/IMG_1609_modif-300x200.jpg 300w, https:\/\/clairdelunetheatre.be\/wp-content\/uploads\/2026\/02\/IMG_1609_modif-768x512.jpg 768w, https:\/\/clairdelunetheatre.be\/wp-content\/uploads\/2026\/02\/IMG_1609_modif-1536x1024.jpg 1536w, https:\/\/clairdelunetheatre.be\/wp-content\/uploads\/2026\/02\/IMG_1609_modif-2048x1365.jpg 2048w\" sizes=\"(max-width: 1024px) 100vw, 1024px\" \/>\t\t\t\t\t\t\t\t\t\t\t\t\t\t\t<\/div>\n\t\t\t\t<div class=\"elementor-element elementor-element-bb4178a elementor-widget elementor-widget-image\" data-id=\"bb4178a\" data-element_type=\"widget\" data-e-type=\"widget\" data-widget_type=\"image.default\">\n\t\t\t\t\t\t\t\t\t\t\t\t\t\t\t<img decoding=\"async\" width=\"1024\" height=\"683\" src=\"https:\/\/clairdelunetheatre.be\/wp-content\/uploads\/2026\/02\/IMG_1848_modif-1024x683.jpg\" class=\"attachment-large size-large wp-image-640\" alt=\"\" srcset=\"https:\/\/clairdelunetheatre.be\/wp-content\/uploads\/2026\/02\/IMG_1848_modif-1024x683.jpg 1024w, https:\/\/clairdelunetheatre.be\/wp-content\/uploads\/2026\/02\/IMG_1848_modif-300x200.jpg 300w, https:\/\/clairdelunetheatre.be\/wp-content\/uploads\/2026\/02\/IMG_1848_modif-768x512.jpg 768w, https:\/\/clairdelunetheatre.be\/wp-content\/uploads\/2026\/02\/IMG_1848_modif-1536x1024.jpg 1536w, https:\/\/clairdelunetheatre.be\/wp-content\/uploads\/2026\/02\/IMG_1848_modif-2048x1365.jpg 2048w\" sizes=\"(max-width: 1024px) 100vw, 1024px\" \/>\t\t\t\t\t\t\t\t\t\t\t\t\t\t\t<\/div>\n\t\t\t\t<div class=\"elementor-element elementor-element-117077c elementor-widget elementor-widget-image\" data-id=\"117077c\" data-element_type=\"widget\" data-e-type=\"widget\" data-widget_type=\"image.default\">\n\t\t\t\t\t\t\t\t\t\t\t\t\t\t\t<img loading=\"lazy\" decoding=\"async\" width=\"1024\" height=\"683\" src=\"https:\/\/clairdelunetheatre.be\/wp-content\/uploads\/2026\/02\/IMG_1792_modif-1024x683.jpg\" class=\"attachment-large size-large wp-image-639\" alt=\"\" srcset=\"https:\/\/clairdelunetheatre.be\/wp-content\/uploads\/2026\/02\/IMG_1792_modif-1024x683.jpg 1024w, https:\/\/clairdelunetheatre.be\/wp-content\/uploads\/2026\/02\/IMG_1792_modif-300x200.jpg 300w, https:\/\/clairdelunetheatre.be\/wp-content\/uploads\/2026\/02\/IMG_1792_modif-768x512.jpg 768w, https:\/\/clairdelunetheatre.be\/wp-content\/uploads\/2026\/02\/IMG_1792_modif-1536x1024.jpg 1536w, https:\/\/clairdelunetheatre.be\/wp-content\/uploads\/2026\/02\/IMG_1792_modif.jpg 1804w\" sizes=\"(max-width: 1024px) 100vw, 1024px\" \/>\t\t\t\t\t\t\t\t\t\t\t\t\t\t\t<\/div>\n\t\t\t\t<div class=\"elementor-element elementor-element-9e99f73 elementor-widget elementor-widget-image\" data-id=\"9e99f73\" data-element_type=\"widget\" data-e-type=\"widget\" data-widget_type=\"image.default\">\n\t\t\t\t\t\t\t\t\t\t\t\t\t\t\t<img loading=\"lazy\" decoding=\"async\" width=\"1024\" height=\"683\" src=\"https:\/\/clairdelunetheatre.be\/wp-content\/uploads\/2026\/02\/IMG_1819_modif-1024x683.jpg\" class=\"attachment-large size-large wp-image-641\" alt=\"\" srcset=\"https:\/\/clairdelunetheatre.be\/wp-content\/uploads\/2026\/02\/IMG_1819_modif-1024x683.jpg 1024w, https:\/\/clairdelunetheatre.be\/wp-content\/uploads\/2026\/02\/IMG_1819_modif-300x200.jpg 300w, https:\/\/clairdelunetheatre.be\/wp-content\/uploads\/2026\/02\/IMG_1819_modif-768x512.jpg 768w, https:\/\/clairdelunetheatre.be\/wp-content\/uploads\/2026\/02\/IMG_1819_modif-1536x1024.jpg 1536w, https:\/\/clairdelunetheatre.be\/wp-content\/uploads\/2026\/02\/IMG_1819_modif-2048x1366.jpg 2048w\" sizes=\"(max-width: 1024px) 100vw, 1024px\" \/>\t\t\t\t\t\t\t\t\t\t\t\t\t\t\t<\/div>\n\t\t\t\t<div class=\"elementor-element elementor-element-386ba33 elementor-widget elementor-widget-image\" data-id=\"386ba33\" data-element_type=\"widget\" data-e-type=\"widget\" data-widget_type=\"image.default\">\n\t\t\t\t\t\t\t\t\t\t\t\t\t\t\t<img loading=\"lazy\" decoding=\"async\" width=\"1024\" height=\"683\" src=\"https:\/\/clairdelunetheatre.be\/wp-content\/uploads\/2026\/02\/IMG_1783_modif-1024x683.jpg\" class=\"attachment-large size-large wp-image-643\" alt=\"\" srcset=\"https:\/\/clairdelunetheatre.be\/wp-content\/uploads\/2026\/02\/IMG_1783_modif-1024x683.jpg 1024w, https:\/\/clairdelunetheatre.be\/wp-content\/uploads\/2026\/02\/IMG_1783_modif-300x200.jpg 300w, https:\/\/clairdelunetheatre.be\/wp-content\/uploads\/2026\/02\/IMG_1783_modif-768x512.jpg 768w, https:\/\/clairdelunetheatre.be\/wp-content\/uploads\/2026\/02\/IMG_1783_modif-1536x1024.jpg 1536w, https:\/\/clairdelunetheatre.be\/wp-content\/uploads\/2026\/02\/IMG_1783_modif-2048x1365.jpg 2048w\" sizes=\"(max-width: 1024px) 100vw, 1024px\" \/>\t\t\t\t\t\t\t\t\t\t\t\t\t\t\t<\/div>\n\t\t\t\t\t<\/div>\n\t\t\t\t<\/div>\n\t\t<div class=\"elementor-element elementor-element-767d350 e-flex e-con-boxed e-con e-parent\" data-id=\"767d350\" data-element_type=\"container\" data-e-type=\"container\">\n\t\t\t\t\t<div class=\"e-con-inner\">\n\t\t\t\t<div class=\"elementor-element elementor-element-92c316c elementor-widget elementor-widget-video\" data-id=\"92c316c\" data-element_type=\"widget\" data-e-type=\"widget\" data-settings=\"{&quot;youtube_url&quot;:&quot;https:\\\/\\\/www.youtube.com\\\/watch?v=0JBxORZb9LI&quot;,&quot;video_type&quot;:&quot;youtube&quot;,&quot;controls&quot;:&quot;yes&quot;}\" data-widget_type=\"video.default\">\n\t\t\t\t\t\t\t<div class=\"elementor-wrapper elementor-open-inline\">\n\t\t\t<div class=\"elementor-video\"><\/div>\t\t<\/div>\n\t\t\t\t\t\t<\/div>\n\t\t\t\t\t<\/div>\n\t\t\t\t<\/div>\n\t\t<div class=\"elementor-element elementor-element-ac3fcc8 e-flex e-con-boxed e-con e-parent\" data-id=\"ac3fcc8\" data-element_type=\"container\" data-e-type=\"container\" data-settings=\"{&quot;background_background&quot;:&quot;classic&quot;}\">\n\t\t\t\t\t<div class=\"e-con-inner\">\n\t\t\t\t<div class=\"elementor-element elementor-element-c1d40d2 elementor-align-center elementor-widget elementor-widget-button\" data-id=\"c1d40d2\" data-element_type=\"widget\" data-e-type=\"widget\" data-widget_type=\"button.default\">\n\t\t\t\t\t\t\t\t\t\t<a class=\"elementor-button elementor-button-link elementor-size-sm elementor-animation-shrink\" href=\"http:\/\/chantier.clairdelunetheatre.be\/wp-content\/uploads\/2026\/02\/Fiche-technique-Orguishibai.pdf\" target=\"_blank\">\n\t\t\t\t\t\t<span class=\"elementor-button-content-wrapper\">\n\t\t\t\t\t\t\t\t\t<span class=\"elementor-button-text\">Fiche technique<\/span>\n\t\t\t\t\t<\/span>\n\t\t\t\t\t<\/a>\n\t\t\t\t\t\t\t\t<\/div>\n\t\t\t\t\t<\/div>\n\t\t\t\t<\/div>\n\t\t\t\t<\/div>\n\t\t","protected":false},"excerpt":{"rendered":"<p>Orguishibai \u00ab Ceci n\u2019est pas une mouche \u00bb est une courte forme visuelle musicale et d\u00e9brid\u00e9e, jou\u00e9e dans un dispositif [&hellip;]<\/p>\n","protected":false},"author":1,"featured_media":0,"parent":0,"menu_order":0,"comment_status":"closed","ping_status":"closed","template":"","meta":{"site-sidebar-layout":"no-sidebar","site-content-layout":"","ast-site-content-layout":"full-width-container","site-content-style":"default","site-sidebar-style":"default","ast-global-header-display":"","ast-banner-title-visibility":"","ast-main-header-display":"","ast-hfb-above-header-display":"","ast-hfb-below-header-display":"","ast-hfb-mobile-header-display":"","site-post-title":"disabled","ast-breadcrumbs-content":"","ast-featured-img":"disabled","footer-sml-layout":"","ast-disable-related-posts":"","theme-transparent-header-meta":"","adv-header-id-meta":"","stick-header-meta":"","header-above-stick-meta":"","header-main-stick-meta":"","header-below-stick-meta":"","astra-migrate-meta-layouts":"default","ast-page-background-enabled":"default","ast-page-background-meta":{"desktop":{"background-color":"var(--ast-global-color-5)","background-image":"","background-repeat":"repeat","background-position":"center center","background-size":"auto","background-attachment":"scroll","background-type":"","background-media":"","overlay-type":"","overlay-color":"","overlay-opacity":"","overlay-gradient":""},"tablet":{"background-color":"","background-image":"","background-repeat":"repeat","background-position":"center center","background-size":"auto","background-attachment":"scroll","background-type":"","background-media":"","overlay-type":"","overlay-color":"","overlay-opacity":"","overlay-gradient":""},"mobile":{"background-color":"","background-image":"","background-repeat":"repeat","background-position":"center center","background-size":"auto","background-attachment":"scroll","background-type":"","background-media":"","overlay-type":"","overlay-color":"","overlay-opacity":"","overlay-gradient":""}},"ast-content-background-meta":{"desktop":{"background-color":"var(--ast-global-color-4)","background-image":"","background-repeat":"repeat","background-position":"center center","background-size":"auto","background-attachment":"scroll","background-type":"","background-media":"","overlay-type":"","overlay-color":"","overlay-opacity":"","overlay-gradient":""},"tablet":{"background-color":"var(--ast-global-color-4)","background-image":"","background-repeat":"repeat","background-position":"center center","background-size":"auto","background-attachment":"scroll","background-type":"","background-media":"","overlay-type":"","overlay-color":"","overlay-opacity":"","overlay-gradient":""},"mobile":{"background-color":"var(--ast-global-color-4)","background-image":"","background-repeat":"repeat","background-position":"center center","background-size":"auto","background-attachment":"scroll","background-type":"","background-media":"","overlay-type":"","overlay-color":"","overlay-opacity":"","overlay-gradient":""}},"footnotes":""},"class_list":["post-46","page","type-page","status-publish","hentry"],"_links":{"self":[{"href":"https:\/\/clairdelunetheatre.be\/index.php\/wp-json\/wp\/v2\/pages\/46","targetHints":{"allow":["GET"]}}],"collection":[{"href":"https:\/\/clairdelunetheatre.be\/index.php\/wp-json\/wp\/v2\/pages"}],"about":[{"href":"https:\/\/clairdelunetheatre.be\/index.php\/wp-json\/wp\/v2\/types\/page"}],"author":[{"embeddable":true,"href":"https:\/\/clairdelunetheatre.be\/index.php\/wp-json\/wp\/v2\/users\/1"}],"replies":[{"embeddable":true,"href":"https:\/\/clairdelunetheatre.be\/index.php\/wp-json\/wp\/v2\/comments?post=46"}],"version-history":[{"count":68,"href":"https:\/\/clairdelunetheatre.be\/index.php\/wp-json\/wp\/v2\/pages\/46\/revisions"}],"predecessor-version":[{"id":1594,"href":"https:\/\/clairdelunetheatre.be\/index.php\/wp-json\/wp\/v2\/pages\/46\/revisions\/1594"}],"wp:attachment":[{"href":"https:\/\/clairdelunetheatre.be\/index.php\/wp-json\/wp\/v2\/media?parent=46"}],"curies":[{"name":"wp","href":"https:\/\/api.w.org\/{rel}","templated":true}]}}